{"id":94,"date":"2023-08-01T15:18:44","date_gmt":"2023-08-01T13:18:44","guid":{"rendered":"https:\/\/re-arrange.de\/?page_id=94"},"modified":"2024-06-26T23:47:40","modified_gmt":"2024-06-26T21:47:40","slug":"datenschutz","status":"publish","type":"page","link":"https:\/\/re-arrange.de\/english\/datenschutz\/","title":{"rendered":"PRIVACY"},"content":{"rendered":"<h2 class=\"wp-block-heading has-text-align-center\">PRIVACY STATEMENT<\/h2>\n\n\n\n<p>Responsible person in the sense of the data protection laws, in particular the <a href=\"https:\/\/eur-lex.europa.eu\/legal-content\/DE\/TXT\/HTML\/?uri=CELEX:32016R0679&amp;qid=1693056916237#d1e1508-1-1\" target=\"_blank\" rel=\"noreferrer noopener\">EU General Data Protection Regulation (DSGVO),<\/a>is:<\/p>\n\n\n\n<p><a href=\"https:\/\/www.linkedin.com\/company\/rearrange-ggmbh\/\" target=\"_blank\" rel=\"noreferrer noopener\">Rearrange gGmbH<\/a>\u00a0<br><a href=\"https:\/\/re-arrange.de\/english\/gruenderinnen\/#Rebecca\" target=\"_blank\" rel=\"noreferrer noopener\">Rebecca-Paulina Prausner<\/a>\u00a0<br>Kochhannstra\u00dfe 6, 10249 Berlin, GE- Germany\u00a0<br><a href=\"mailto:rebecca.prausner@re-arrange.de\" target=\"_blank\" rel=\"noreferrer noopener\">rebecca.prausner@re-arrange.de<\/a><\/p>\n\n\n\n<h2 class=\"wp-block-heading\">Your data subject rights<\/h2>\n\n\n\n<p>You can exercise the following rights at any time using the contact details provided by our:r data protection officer:<\/p>\n\n\n\n<ul class=\"wp-block-list\">\n<li>Information about your data stored by us and its processing (<a href=\"https:\/\/eur-lex.europa.eu\/legal-content\/DE\/TXT\/HTML\/?uri=CELEX:32016R0679&amp;qid=1693056916237#d1e2528-1-1\" target=\"_blank\" rel=\"noreferrer noopener\">Art. 15 DSGVO<\/a>),<\/li>\n\n\n\n<li>Correction of inaccurate personal data (<a href=\"https:\/\/eur-lex.europa.eu\/legal-content\/DE\/TXT\/HTML\/?uri=CELEX:32016R0679&amp;qid=1693056916237#d1e2614-1-1\" target=\"_blank\" rel=\"noreferrer noopener\">Art. 16 DSGVO<\/a>),<\/li>\n\n\n\n<li>Deletion of your data stored with us (<a href=\"https:\/\/eur-lex.europa.eu\/legal-content\/DE\/TXT\/HTML\/?uri=CELEX:32016R0679&amp;qid=1693056916237#d1e2621-1-1\" target=\"_blank\" rel=\"noreferrer noopener\">Art. 17 DSGVO<\/a>),<\/li>\n\n\n\n<li>Restriction of data processing if we are not yet allowed to delete your data due to legal obligations (<a href=\"https:\/\/eur-lex.europa.eu\/legal-content\/DE\/TXT\/HTML\/?uri=CELEX:32016R0679&amp;qid=1693056916237#d1e2715-1-1\" target=\"_blank\" rel=\"noreferrer noopener\">Art. 18 DSGVO<\/a>),<\/li>\n\n\n\n<li>Object to the processing of your data with us (<a href=\"https:\/\/eur-lex.europa.eu\/legal-content\/DE\/TXT\/HTML\/?uri=CELEX:32016R0679&amp;qid=1693056916237#d1e2818-1-1\" target=\"_blank\" rel=\"noreferrer noopener\">Art. 21 DSGVO<\/a>) und<\/li>\n\n\n\n<li>Data portability, provided that you have consented to the data processing or have concluded a contract with us (<a href=\"https:\/\/eur-lex.europa.eu\/legal-content\/DE\/TXT\/HTML\/?uri=CELEX:32016R0679&amp;qid=1693056916237#d1e2768-1-1\" target=\"_blank\" rel=\"noreferrer noopener\">Art. 20 DSGVO<\/a>).<\/li>\n<\/ul>\n\n\n\n<p>If you have given us consent, you can revoke it at any time with effect for the future.<\/p>\n\n\n\n<p>You may at any time lodge a complaint with a supervisory authority, e.g. the competent supervisory authority in the federal state of your residence or the authority responsible for us as the controller.<\/p>\n\n\n\n<p>A list of supervisory authorities (for the non-public sector) with address can be found at:&nbsp;<a href=\"https:\/\/www.bfdi.bund.de\/DE\/Service\/Anschriften\/Laender\/Laender-node.html\" target=\"_blank\" rel=\"noreferrer noopener\">https:\/\/www.bfdi.bund.de\/DE\/Service\/Anschriften\/Laender\/Laender-node.html<\/a>.<\/p>\n\n\n\n<h2 class=\"wp-block-heading\">Collection of general information when visiting our website<\/h2>\n\n\n\n<h3 class=\"wp-block-heading\">Nature and purpose of processing:<\/h3>\n\n\n\n<p>When you access our website, i.e., if you do not register or otherwise submit information, information of a general nature is automatically collected. This information (<a href=\"https:\/\/de.wikipedia.org\/wiki\/Logdatei\" target=\"_blank\" rel=\"noreferrer noopener\">Server-Logfiles<\/a>) include, for example, the type of web browser, the operating system used, the domain name of your Internet service provider, your IP address and the like.&nbsp;<\/p>\n\n\n\n<p>In particular, they are processed for the following purposes:<\/p>\n\n\n\n<ul class=\"wp-block-list\">\n<li>Ensuring a smooth connection setup of the website,<\/li>\n\n\n\n<li>Ensuring a smooth use of our website,<\/li>\n\n\n\n<li>evaluating system security and stability, and<\/li>\n\n\n\n<li>to optimize our website.<\/li>\n<\/ul>\n\n\n\n<p>We do not use your data to draw conclusions about you personally. Information of this kind will be statistically evaluated by us anonymously, if necessary, in order to optimize our website and the technology behind it.&nbsp;<\/p>\n\n\n\n<h3 class=\"wp-block-heading\">Legal basis and legitimate interest:<\/h3>\n\n\n\n<p>The processing takes place according to <a href=\"https:\/\/eur-lex.europa.eu\/legal-content\/DE\/TXT\/HTML\/?uri=CELEX:32016R0679&amp;qid=1693056916237#d1e1906-1-1\" target=\"_blank\" rel=\"noreferrer noopener\">Art. 6 Abs. 1 lit. f DSGVO<\/a> based on our legitimate interest in improving the stability and functionality of our website.<\/p>\n\n\n\n<h3 class=\"wp-block-heading\">Recipients:<\/h3>\n\n\n\n<p>Recipients of the data may be technical service providers who act as order processors for the operation and maintenance of our website.<\/p>\n\n\n\n<h3 class=\"wp-block-heading\">Third Country Transfer:<\/h3>\n\n\n\n<p>The collected data may be transferred to the following third countries:&nbsp;<\/p>\n\n\n\n<p>no.<\/p>\n\n\n\n<p>The following data protection guarantees are in place:&nbsp;<\/p>\n\n\n\n<h3 class=\"wp-block-heading\">Storage period:<\/h3>\n\n\n\n<p>The data is deleted as soon as it is no longer required for the purpose for which it was collected. This is generally the case for data used to provide the website when the respective session has ended.&nbsp;<\/p>\n\n\n\n<h3 class=\"wp-block-heading\">Provision mandatory or required:<\/h3>\n\n\n\n<p>The provision of the aforementioned personal data is not required by law or contract. However, without the IP address, the service and functionality of our website is not guaranteed. In addition, individual services and services may not be available or may be limited. For this reason, an objection is excluded.&nbsp;<\/p>\n\n\n\n<h2 class=\"wp-block-heading\">Newsletter<\/h2>\n\n\n\n<h3 class=\"wp-block-heading\">Nature and purpose of processing:<\/h3>\n\n\n\n<p>For the delivery of our newsletter, we collect personal data that is transmitted to us via an input mask.<\/p>\n\n\n\n<p>For an effective registration, we require a valid e-mail address. In order to verify that a registration is actually made by the owner of an e-mail address, we use the \"double opt-in\" procedure. For this purpose, we log the registration for the newsletter, the sending of a confirmation e-mail and the receipt of the response requested herewith. Further data is not collected.&nbsp;<\/p>\n\n\n\n<h3 class=\"wp-block-heading\">Legal basis:<\/h3>\n\n\n\n<p>On the basis of your expressly given consent (<a href=\"https:\/\/eur-lex.europa.eu\/legal-content\/DE\/TXT\/HTML\/?uri=CELEX:32016R0679&amp;qid=1693056916237#d1e1906-1-1\" target=\"_blank\" rel=\"noreferrer noopener\">Art. 6 Abs. 1 lit. a DSGVO<\/a>), we will regularly send you our newsletter or similar information by e-mail to your specified e-mail address.&nbsp;<\/p>\n\n\n\n<p>You can revoke your consent to the storage of your personal data and its use for sending the newsletter at any time with effect for the future. You will find a link to this effect in every newsletter. In addition, you can also unsubscribe directly on this website at any time or inform us of your revocation using the contact option provided at the end of this privacy notice.<\/p>\n\n\n\n<h3 class=\"wp-block-heading\">Recipients:<\/h3>\n\n\n\n<p>Recipients of the data may be order processors.<\/p>\n\n\n\n<h3 class=\"wp-block-heading\">Third Country Transfer:<\/h3>\n\n\n\n<p>The collected data may be transferred to the following third countries:&nbsp;<\/p>\n\n\n\n<p>No.<\/p>\n\n\n\n<p>The following data protection guarantees are in place:&nbsp;<\/p>\n\n\n\n<h3 class=\"wp-block-heading\">Storage period:<\/h3>\n\n\n\n<p>In this context, the data will only be processed as long as the corresponding consent is available. After that, they will be deleted.<\/p>\n\n\n\n<h3 class=\"wp-block-heading\">Provision mandatory or required:<\/h3>\n\n\n\n<p>The provision of your personal data is voluntary, based solely on your consent. Without existing consent, we can unfortunately not send you our newsletter.<\/p>\n\n\n\n<h3 class=\"wp-block-heading\">Revocation of consent:<\/h3>\n\n\n\n<p>You can revoke your consent to the storage of your personal data and its use for newsletter dispatch at any time with effect for the future. Unsubscription can be requested via the link contained in every e-mail or from the data protection officer or person responsible for data protection listed below.&nbsp;<\/p>\n\n\n\n<h2 class=\"wp-block-heading\">Contact form<\/h2>\n\n\n\n<h3 class=\"wp-block-heading\">Nature and purpose of processing:<\/h3>\n\n\n\n<p>The data you enter will be stored for the purpose of individual communication with you. For this purpose, it is necessary to provide a valid e-mail address and your name. This is used for the assignment of the request and the subsequent response to the same. The provision of further data is optional.<\/p>\n\n\n\n<h3 class=\"wp-block-heading\">Legal basis:<\/h3>\n\n\n\n<p>The processing of the data entered in the contact form is based on a legitimate interest (<a href=\"https:\/\/eur-lex.europa.eu\/legal-content\/DE\/TXT\/HTML\/?uri=CELEX:32016R0679&amp;qid=1693056916237#d1e1906-1-1\" target=\"_blank\" rel=\"noreferrer noopener\">Art. 6 Abs. 1 lit. f DSGVO<\/a>).<\/p>\n\n\n\n<p>By providing the contact form, we would like to enable you to contact us in an uncomplicated manner. The information you provide will be stored for the purpose of processing the request and for possible follow-up questions.<\/p>\n\n\n\n<p>If you contact us to request a quote, the data entered in the contact form will be processed to carry out pre-contractual measures (<a href=\"https:\/\/eur-lex.europa.eu\/legal-content\/DE\/TXT\/HTML\/?uri=CELEX:32016R0679&amp;qid=1693056916237#d1e1906-1-1\" target=\"_blank\" rel=\"noreferrer noopener\">Art. 6 Abs. 1 lit. b DSGVO<\/a>).<\/p>\n\n\n\n<h3 class=\"wp-block-heading\">Recipients:<\/h3>\n\n\n\n<p>Recipients of the data may be order processors.<\/p>\n\n\n\n<h3 class=\"wp-block-heading\">Third Country Transfer:<\/h3>\n\n\n\n<p>The collected data may be transferred to the following third countries:&nbsp;<\/p>\n\n\n\n<p>No.<\/p>\n\n\n\n<p>The following data protection guarantees are in place:&nbsp;<\/p>\n\n\n\n<h3 class=\"wp-block-heading\">Storage period:<\/h3>\n\n\n\n<p>Data will be deleted no later than 6 months after processing the request.<\/p>\n\n\n\n<p>If a contractual relationship arises, we are subject to the statutory retention periods according to the German Commercial Code (HGB) and will delete your data after these periods have expired.&nbsp;<\/p>\n\n\n\n<h3 class=\"wp-block-heading\">Provision mandatory or required:<\/h3>\n\n\n\n<p>The provision of your personal data is voluntary. However, we can only process your request if you provide us with your name, e-mail address and the reason for the request.<\/p>\n\n\n\n<h2 class=\"wp-block-heading\">SSL encryption<\/h2>\n\n\n\n<p>To protect the security of your data during transmission, we use state-of-the-art encryption methods (e.g. SSL) via HTTPS.<\/p>\n\n\n\n<hr class=\"wp-block-separator has-alpha-channel-opacity\"\/>\n\n\n\n<h2 class=\"wp-block-heading\">Information \u00fcber Ihr Widerspruchsrecht nach <a href=\"https:\/\/eur-lex.europa.eu\/legal-content\/DE\/TXT\/HTML\/?uri=CELEX:32016R0679&amp;qid=1693056916237#d1e2818-1-1\" target=\"_blank\" rel=\"noreferrer noopener\">Art. 21 DSGVO<\/a><\/h2>\n\n\n\n<h3 class=\"wp-block-heading\">Individual right of objection<\/h3>\n\n\n\n<p>You have the right to object at any time, on grounds relating to your particular situation, to the processing of personal data concerning you which is carried out on the basis of <a href=\"https:\/\/eur-lex.europa.eu\/legal-content\/DE\/TXT\/HTML\/?uri=CELEX:32016R0679&amp;qid=1693056916237#d1e1906-1-1\" target=\"_blank\" rel=\"noreferrer noopener\">Art. 6 Abs. 1 lit. f DSGVO <\/a>(data processing based on a balance of interests); this also applies to profiling based on this provision in the sense of <a href=\"https:\/\/eur-lex.europa.eu\/legal-content\/DE\/TXT\/HTML\/?uri=CELEX:32016R0679&amp;qid=1693056916237#d1e1508-1-1\" target=\"_blank\" rel=\"noreferrer noopener\">Art. 4 Nr. 4 DSGVO<\/a>.<\/p>\n\n\n\n<p>If you object, we will no longer process your personal data unless we can demonstrate compelling legitimate grounds for the processing which override your interests, rights and freedoms, or the processing serves to assert, exercise or defend legal claims.<\/p>\n\n\n\n<h3 class=\"wp-block-heading\">Recipient of objection<\/h3>\n\n\n\n<p><a href=\"https:\/\/re-arrange.de\/wp-admin\/#Rebecca\" target=\"_blank\" rel=\"noreferrer noopener\">Rebecca-Paulina Prausner&nbsp;<br><\/a><a href=\"mailto:hello@re-arrange.de\" target=\"_blank\" rel=\"noreferrer noopener\">hello@re-arrange.de<\/a><\/p>\n\n\n\n<hr class=\"wp-block-separator has-alpha-channel-opacity\"\/>\n\n\n\n<h2 class=\"wp-block-heading\">Changes to our privacy policy<\/h2>\n\n\n\n<p>We reserve the right to adapt this data protection declaration so that it always complies with the current legal requirements or in order to implement changes to our services in the data protection declaration, e.g. when introducing new services. The new data protection statement will then apply to your next visit.<\/p>\n\n\n\n<h2 class=\"wp-block-heading\">Questions to the data protection officer<\/h2>\n\n\n\n<p>If you have any questions about data protection, please send us an e-mail or contact the person responsible for data protection in our organization directly:<\/p>\n\n\n\n<p><a href=\"mailto:hello@re-arrange.de\" target=\"_blank\" rel=\"noreferrer noopener\">hello@re-arrange.de<\/a><\/p>\n\n\n\n<p><em>This privacy statement was created with the help of activeMind AG, the experts for&nbsp;<a href=\"https:\/\/www.activemind.de\/datenschutz\/datenschutzbeauftragter\/\" target=\"_blank\" rel=\"noreferrer noopener\">external data protection officers<\/a>&nbsp;(version #2020-09-30).<\/em><\/p>\n\n\n\n<div style=\"height:100px\" aria-hidden=\"true\" class=\"wp-block-spacer\"><\/div>","protected":false},"excerpt":{"rendered":"<p>DATENSCHUTZERKL\u00c4RUNG Verantwortlicher im Sinne der Datenschutzgesetze, insbesondere der EU-Datenschutzgrundverordnung (DSGVO), ist: Rearrange gGmbH\u00a0Rebecca-Paulina Prausner\u00a0Kochhannstra\u00dfe 6, 10249 Berlin\u00a0rebecca.prausner@re-arrange.de Ihre Betroffenenrechte Unter den angegebenen Kontaktdaten unsere:r Datenschutzbeauftragten k\u00f6nnen Sie jederzeit folgende Rechte aus\u00fcben: Sofern Sie uns eine Einwilligung erteilt haben, k\u00f6nnen Sie diese jederzeit mit Wirkung f\u00fcr die Zukunft widerrufen. Sie k\u00f6nnen sich jederzeit mit einer Beschwerde [&hellip;]<\/p>\n","protected":false},"author":3,"featured_media":0,"parent":0,"menu_order":0,"comment_status":"closed","ping_status":"closed","template":"","meta":{"footnotes":""},"class_list":["post-94","page","type-page","status-publish","hentry"],"blocksy_meta":{"page_structure_type":"type-3"},"yoast_head":"<!-- This site is optimized with the Yoast SEO plugin v27.3 - https:\/\/yoast.com\/product\/yoast-seo-wordpress\/ -->\n<title>DATENSCHUTZ | Rearrange gGmbH<\/title>\n<meta name=\"description\" content=\"Lesen Sie mehr \u00fcber den Datenschutz bei Rearrange und wie Ihre Daten verwendet werden. Uns ist Transparenz ein wichtiges Anliegen.\" \/>\n<meta name=\"robots\" content=\"index, follow, max-snippet:-1, max-image-preview:large, max-video-preview:-1\" \/>\n<link rel=\"canonical\" href=\"https:\/\/re-arrange.de\/english\/datenschutz\/\" \/>\n<meta property=\"og:locale\" content=\"en_GB\" \/>\n<meta property=\"og:type\" content=\"article\" \/>\n<meta property=\"og:title\" content=\"DATENSCHUTZ | Rearrange gGmbH\" \/>\n<meta property=\"og:description\" content=\"Lesen Sie mehr \u00fcber den Datenschutz bei Rearrange und wie Ihre Daten verwendet werden. Uns ist Transparenz ein wichtiges Anliegen.\" \/>\n<meta property=\"og:url\" content=\"https:\/\/re-arrange.de\/english\/datenschutz\/\" \/>\n<meta property=\"og:site_name\" content=\"Rearrange gGmbH\" \/>\n<meta property=\"article:modified_time\" content=\"2024-06-26T21:47:40+00:00\" \/>\n<meta name=\"twitter:card\" content=\"summary_large_image\" \/>\n<meta name=\"twitter:label1\" content=\"Estimated reading time\" \/>\n\t<meta name=\"twitter:data1\" content=\"7 minutes\" \/>\n<script type=\"application\/ld+json\" class=\"yoast-schema-graph\">{\"@context\":\"https:\\\/\\\/schema.org\",\"@graph\":[{\"@type\":\"WebPage\",\"@id\":\"https:\\\/\\\/re-arrange.de\\\/datenschutz\\\/\",\"url\":\"https:\\\/\\\/re-arrange.de\\\/datenschutz\\\/\",\"name\":\"DATENSCHUTZ | Rearrange gGmbH\",\"isPartOf\":{\"@id\":\"https:\\\/\\\/re-arrange.de\\\/#website\"},\"datePublished\":\"2023-08-01T13:18:44+00:00\",\"dateModified\":\"2024-06-26T21:47:40+00:00\",\"description\":\"Lesen Sie mehr \u00fcber den Datenschutz bei Rearrange und wie Ihre Daten verwendet werden. Uns ist Transparenz ein wichtiges Anliegen.\",\"breadcrumb\":{\"@id\":\"https:\\\/\\\/re-arrange.de\\\/datenschutz\\\/#breadcrumb\"},\"inLanguage\":\"en-GB\",\"potentialAction\":[{\"@type\":\"ReadAction\",\"target\":[\"https:\\\/\\\/re-arrange.de\\\/datenschutz\\\/\"]}]},{\"@type\":\"BreadcrumbList\",\"@id\":\"https:\\\/\\\/re-arrange.de\\\/datenschutz\\\/#breadcrumb\",\"itemListElement\":[{\"@type\":\"ListItem\",\"position\":1,\"name\":\"Startseite\",\"item\":\"https:\\\/\\\/re-arrange.de\\\/\"},{\"@type\":\"ListItem\",\"position\":2,\"name\":\"DATENSCHUTZ\"}]},{\"@type\":\"WebSite\",\"@id\":\"https:\\\/\\\/re-arrange.de\\\/#website\",\"url\":\"https:\\\/\\\/re-arrange.de\\\/\",\"name\":\"Rearrange gGmbH\",\"description\":\"Wir l\u00f6sen soziale Probleme\",\"publisher\":{\"@id\":\"https:\\\/\\\/re-arrange.de\\\/#organization\"},\"alternateName\":\"Rearrange\",\"potentialAction\":[{\"@type\":\"SearchAction\",\"target\":{\"@type\":\"EntryPoint\",\"urlTemplate\":\"https:\\\/\\\/re-arrange.de\\\/?s={search_term_string}\"},\"query-input\":{\"@type\":\"PropertyValueSpecification\",\"valueRequired\":true,\"valueName\":\"search_term_string\"}}],\"inLanguage\":\"en-GB\"},{\"@type\":\"Organization\",\"@id\":\"https:\\\/\\\/re-arrange.de\\\/#organization\",\"name\":\"Rearrange gGmbH\",\"alternateName\":\"Rearrage\",\"url\":\"https:\\\/\\\/re-arrange.de\\\/\",\"logo\":{\"@type\":\"ImageObject\",\"inLanguage\":\"en-GB\",\"@id\":\"https:\\\/\\\/re-arrange.de\\\/#\\\/schema\\\/logo\\\/image\\\/\",\"url\":\"https:\\\/\\\/re-arrange.de\\\/wp-content\\\/uploads\\\/2023\\\/07\\\/REA-Logo-final-500px.png\",\"contentUrl\":\"https:\\\/\\\/re-arrange.de\\\/wp-content\\\/uploads\\\/2023\\\/07\\\/REA-Logo-final-500px.png\",\"width\":500,\"height\":205,\"caption\":\"Rearrange gGmbH\"},\"image\":{\"@id\":\"https:\\\/\\\/re-arrange.de\\\/#\\\/schema\\\/logo\\\/image\\\/\"},\"sameAs\":[\"https:\\\/\\\/www.linkedin.com\\\/company\\\/rearrange-ggmbh\\\/about\\\/\"]}]}<\/script>\n<!-- \/ Yoast SEO plugin. -->","yoast_head_json":{"title":"DATENSCHUTZ | Rearrange gGmbH","description":"Lesen Sie mehr \u00fcber den Datenschutz bei Rearrange und wie Ihre Daten verwendet werden. Uns ist Transparenz ein wichtiges Anliegen.","robots":{"index":"index","follow":"follow","max-snippet":"max-snippet:-1","max-image-preview":"max-image-preview:large","max-video-preview":"max-video-preview:-1"},"canonical":"https:\/\/re-arrange.de\/english\/datenschutz\/","og_locale":"en_GB","og_type":"article","og_title":"DATENSCHUTZ | Rearrange gGmbH","og_description":"Lesen Sie mehr \u00fcber den Datenschutz bei Rearrange und wie Ihre Daten verwendet werden. Uns ist Transparenz ein wichtiges Anliegen.","og_url":"https:\/\/re-arrange.de\/english\/datenschutz\/","og_site_name":"Rearrange gGmbH","article_modified_time":"2024-06-26T21:47:40+00:00","twitter_card":"summary_large_image","twitter_misc":{"Estimated reading time":"7 minutes"},"schema":{"@context":"https:\/\/schema.org","@graph":[{"@type":"WebPage","@id":"https:\/\/re-arrange.de\/datenschutz\/","url":"https:\/\/re-arrange.de\/datenschutz\/","name":"DATENSCHUTZ | Rearrange gGmbH","isPartOf":{"@id":"https:\/\/re-arrange.de\/#website"},"datePublished":"2023-08-01T13:18:44+00:00","dateModified":"2024-06-26T21:47:40+00:00","description":"Lesen Sie mehr \u00fcber den Datenschutz bei Rearrange und wie Ihre Daten verwendet werden. Uns ist Transparenz ein wichtiges Anliegen.","breadcrumb":{"@id":"https:\/\/re-arrange.de\/datenschutz\/#breadcrumb"},"inLanguage":"en-GB","potentialAction":[{"@type":"ReadAction","target":["https:\/\/re-arrange.de\/datenschutz\/"]}]},{"@type":"BreadcrumbList","@id":"https:\/\/re-arrange.de\/datenschutz\/#breadcrumb","itemListElement":[{"@type":"ListItem","position":1,"name":"Startseite","item":"https:\/\/re-arrange.de\/"},{"@type":"ListItem","position":2,"name":"DATENSCHUTZ"}]},{"@type":"WebSite","@id":"https:\/\/re-arrange.de\/#website","url":"https:\/\/re-arrange.de\/","name":"Rearrange gGmbH","description":"Wir l\u00f6sen soziale Probleme","publisher":{"@id":"https:\/\/re-arrange.de\/#organization"},"alternateName":"Rearrange","potentialAction":[{"@type":"SearchAction","target":{"@type":"EntryPoint","urlTemplate":"https:\/\/re-arrange.de\/?s={search_term_string}"},"query-input":{"@type":"PropertyValueSpecification","valueRequired":true,"valueName":"search_term_string"}}],"inLanguage":"en-GB"},{"@type":"Organization","@id":"https:\/\/re-arrange.de\/#organization","name":"Rearrange gGmbH","alternateName":"Rearrage","url":"https:\/\/re-arrange.de\/","logo":{"@type":"ImageObject","inLanguage":"en-GB","@id":"https:\/\/re-arrange.de\/#\/schema\/logo\/image\/","url":"https:\/\/re-arrange.de\/wp-content\/uploads\/2023\/07\/REA-Logo-final-500px.png","contentUrl":"https:\/\/re-arrange.de\/wp-content\/uploads\/2023\/07\/REA-Logo-final-500px.png","width":500,"height":205,"caption":"Rearrange gGmbH"},"image":{"@id":"https:\/\/re-arrange.de\/#\/schema\/logo\/image\/"},"sameAs":["https:\/\/www.linkedin.com\/company\/rearrange-ggmbh\/about\/"]}]}},"_links":{"self":[{"href":"https:\/\/re-arrange.de\/english\/wp-json\/wp\/v2\/pages\/94","targetHints":{"allow":["GET"]}}],"collection":[{"href":"https:\/\/re-arrange.de\/english\/wp-json\/wp\/v2\/pages"}],"about":[{"href":"https:\/\/re-arrange.de\/english\/wp-json\/wp\/v2\/types\/page"}],"author":[{"embeddable":true,"href":"https:\/\/re-arrange.de\/english\/wp-json\/wp\/v2\/users\/3"}],"replies":[{"embeddable":true,"href":"https:\/\/re-arrange.de\/english\/wp-json\/wp\/v2\/comments?post=94"}],"version-history":[{"count":10,"href":"https:\/\/re-arrange.de\/english\/wp-json\/wp\/v2\/pages\/94\/revisions"}],"predecessor-version":[{"id":901,"href":"https:\/\/re-arrange.de\/english\/wp-json\/wp\/v2\/pages\/94\/revisions\/901"}],"wp:attachment":[{"href":"https:\/\/re-arrange.de\/english\/wp-json\/wp\/v2\/media?parent=94"}],"curies":[{"name":"wp","href":"https:\/\/api.w.org\/{rel}","templated":true}]}}