{"id":84,"date":"2023-08-01T15:05:51","date_gmt":"2023-08-01T13:05:51","guid":{"rendered":"https:\/\/re-arrange.de\/?page_id=84"},"modified":"2024-06-26T23:38:55","modified_gmt":"2024-06-26T21:38:55","slug":"call-to-action","status":"publish","type":"page","link":"https:\/\/re-arrange.de\/english\/call-to-action\/","title":{"rendered":"CALL TO ACTION"},"content":{"rendered":"<h2 class=\"wp-block-heading has-text-align-center\">CALL TO ACTION<\/h2>\n\n\n\n<div style=\"height:100px\" aria-hidden=\"true\" class=\"wp-block-spacer\"><\/div>\n\n\n\n<p class=\"has-text-color\" style=\"color:#48473d\"><strong>In your opinion, which social problems require structural solutions?<\/strong><\/p>\n\n\n\n<p class=\"has-text-color\" style=\"color:#48473d\">In the field of public entrepreneurship, the <a href=\"https:\/\/www.linkedin.com\/company\/rearrange-ggmbh\/\" target=\"_blank\" rel=\"noreferrer noopener\">Rearrange gGmbH<\/a> forms a platform for innovative, creative and entrepreneurial solutions that contribute to social change.&nbsp;<\/p>\n\n\n\n<p class=\"has-text-color\" style=\"color:#48473d\">To this end, we are looking for visionaries from the fields of social work, science, politics, administration, the public, interest groups and the private sector who want to question existing structures and shape the welfare state sustainably and efficiently.\u00a0<\/p>\n\n\n\n<div style=\"height:100px\" aria-hidden=\"true\" class=\"wp-block-spacer\"><\/div>\n\n\n\n<div class=\"wp-block-contact-form-7-contact-form-selector\">\n<div class=\"wpcf7 no-js\" id=\"wpcf7-f86-o1\" lang=\"de-DE\" dir=\"ltr\" data-wpcf7-id=\"86\">\n<div class=\"screen-reader-response\"><p role=\"status\" aria-live=\"polite\" aria-atomic=\"true\"><\/p> <ul><\/ul><\/div>\n<form action=\"\/english\/wp-json\/wp\/v2\/pages\/84#wpcf7-f86-o1\" method=\"post\" class=\"wpcf7-form init\" aria-label=\"Contact form\" novalidate=\"novalidate\" data-status=\"init\" data-trp-original-action=\"\/english\/wp-json\/wp\/v2\/pages\/84#wpcf7-f86-o1\">\n<fieldset class=\"hidden-fields-container\"><input type=\"hidden\" name=\"_wpcf7\" value=\"86\" \/><input type=\"hidden\" name=\"_wpcf7_version\" value=\"6.1.5\" \/><input type=\"hidden\" name=\"_wpcf7_locale\" value=\"de_DE\" \/><input type=\"hidden\" name=\"_wpcf7_unit_tag\" value=\"wpcf7-f86-o1\" \/><input type=\"hidden\" name=\"_wpcf7_container_post\" value=\"0\" \/><input type=\"hidden\" name=\"_wpcf7_posted_data_hash\" value=\"\" \/>\n<\/fieldset>\n<p><label> Your name<br \/>\n<span class=\"wpcf7-form-control-wrap\" data-name=\"your-name\"><input size=\"40\" maxlength=\"400\" class=\"wpcf7-form-control wpcf7-text wpcf7-validates-as-required\" autocomplete=\"name\" aria-required=\"true\" aria-invalid=\"false\" value=\"\" type=\"text\" name=\"your-name\" \/><\/span> <\/label>\n<\/p>\n<p><label> Your E-Mail address<br \/>\n<span class=\"wpcf7-form-control-wrap\" data-name=\"your-email\"><input size=\"40\" maxlength=\"400\" class=\"wpcf7-form-control wpcf7-email wpcf7-validates-as-required wpcf7-text wpcf7-validates-as-email\" autocomplete=\"email\" aria-required=\"true\" aria-invalid=\"false\" value=\"\" type=\"email\" name=\"your-email\" \/><\/span> <\/label>\n<\/p>\n<p><label> Subject<br \/>\n<span class=\"wpcf7-form-control-wrap\" data-name=\"your-subject\"><input size=\"40\" maxlength=\"400\" class=\"wpcf7-form-control wpcf7-text wpcf7-validates-as-required\" aria-required=\"true\" aria-invalid=\"false\" value=\"\" type=\"text\" name=\"your-subject\" \/><\/span> <\/label>\n<\/p>\n<p><label> Your message<br \/>\n<span class=\"wpcf7-form-control-wrap\" data-name=\"your-message\"><textarea cols=\"40\" rows=\"10\" maxlength=\"2000\" class=\"wpcf7-form-control wpcf7-textarea\" aria-invalid=\"false\" name=\"your-message\"><\/textarea><\/span> <\/label>\n<\/p>\n<p><label> I hereby consent to the GDPR-compliant processing of my data. More information can be found here. <a href=\"https:\/\/re-arrange.de\/english\/datenschutz\/\">HERE<\/a>.<br \/>\n<span class=\"wpcf7-form-control-wrap\" data-name=\"checkbox-385\"><span class=\"wpcf7-form-control wpcf7-checkbox wpcf7-validates-as-required\"><span class=\"wpcf7-list-item first last\"><label><input type=\"checkbox\" name=\"checkbox-385[]\" value=\"Ich stimme zu.\" \/><span class=\"wpcf7-list-item-label\">I consent<\/span><\/label><\/span><\/span><\/span><br \/>\n<\/label>\n<\/p>\n<p><input class=\"wpcf7-form-control wpcf7-submit has-spinner\" type=\"submit\" value=\"Send\" \/>\n<\/p>\n<p><span id=\"wpcf7-69e5eb7c470d9-wrapper\" class=\"wpcf7-form-control-wrap email-wrap\" style=\"display:none !important; visibility:hidden !important;\"><label for=\"wpcf7-69e5eb7c470d9-field\" class=\"hp-message\">Bitte lasse dieses Feld leer.<\/label><input id=\"wpcf7-69e5eb7c470d9-field\"  class=\"wpcf7-form-control wpcf7-text\" type=\"text\" name=\"email\" value=\"\" size=\"40\" tabindex=\"-1\" autocomplete=\"new-password\" \/><\/span>\n<\/p><div class=\"wpcf7-response-output\" aria-hidden=\"true\"><\/div>\n<input type=\"hidden\" name=\"trp-form-language\" value=\"english\"\/><\/form>\n<\/div>\n<\/div>","protected":false},"excerpt":{"rendered":"<p>CALL TO ACTION Welche sozialen Problemlagen ben\u00f6tigen Ihrer Meinung nach strukturelle L\u00f6sungsans\u00e4tze? Die Rearrange gGmbH bildet im Bereich Public Entrepreneurship eine Plattform f\u00fcr innovative, kreative und unternehmerische L\u00f6sungen, die zum sozialen Wandel beitragen.&nbsp; Daf\u00fcr suchen wir Vision\u00e4r:innen aus der Sozialen Arbeit, Wissenschaft, der Politik, der Verwaltung, der \u00d6ffentlichkeit, der Interessenvertretung und der freien Wirtschaft, die [&hellip;]<\/p>\n","protected":false},"author":3,"featured_media":0,"parent":0,"menu_order":0,"comment_status":"closed","ping_status":"closed","template":"","meta":{"footnotes":""},"class_list":["post-84","page","type-page","status-publish","hentry"],"blocksy_meta":{"page_structure_type":"type-3"},"yoast_head":"<!-- This site is optimized with the Yoast SEO plugin v27.4 - https:\/\/yoast.com\/product\/yoast-seo-wordpress\/ -->\n<title>CALL TO ACTION | Rearrange gGmbH<\/title>\n<meta name=\"description\" content=\"Machen Sie mit bei Rearrange und werden Sie Teil der Ver\u00e4nderung. Wir suchen immer nach Vision\u00e4r:innen mit dem n\u00f6tigen Mut.\" \/>\n<meta name=\"robots\" content=\"index, follow, max-snippet:-1, max-image-preview:large, max-video-preview:-1\" \/>\n<link rel=\"canonical\" href=\"https:\/\/re-arrange.de\/english\/call-to-action\/\" \/>\n<meta property=\"og:locale\" content=\"en_GB\" \/>\n<meta property=\"og:type\" content=\"article\" \/>\n<meta property=\"og:title\" content=\"CALL TO ACTION | Rearrange gGmbH\" \/>\n<meta property=\"og:description\" content=\"Machen Sie mit bei Rearrange und werden Sie Teil der Ver\u00e4nderung. Wir suchen immer nach Vision\u00e4r:innen mit dem n\u00f6tigen Mut.\" \/>\n<meta property=\"og:url\" content=\"https:\/\/re-arrange.de\/english\/call-to-action\/\" \/>\n<meta property=\"og:site_name\" content=\"Rearrange gGmbH\" \/>\n<meta property=\"article:modified_time\" content=\"2024-06-26T21:38:55+00:00\" \/>\n<meta name=\"twitter:card\" content=\"summary_large_image\" \/>\n<meta name=\"twitter:label1\" content=\"Estimated reading time\" \/>\n\t<meta name=\"twitter:data1\" content=\"1 minute\" \/>\n<script type=\"application\/ld+json\" class=\"yoast-schema-graph\">{\"@context\":\"https:\\\/\\\/schema.org\",\"@graph\":[{\"@type\":\"WebPage\",\"@id\":\"https:\\\/\\\/re-arrange.de\\\/call-to-action\\\/\",\"url\":\"https:\\\/\\\/re-arrange.de\\\/call-to-action\\\/\",\"name\":\"CALL TO ACTION | Rearrange gGmbH\",\"isPartOf\":{\"@id\":\"https:\\\/\\\/re-arrange.de\\\/#website\"},\"datePublished\":\"2023-08-01T13:05:51+00:00\",\"dateModified\":\"2024-06-26T21:38:55+00:00\",\"description\":\"Machen Sie mit bei Rearrange und werden Sie Teil der Ver\u00e4nderung. Wir suchen immer nach Vision\u00e4r:innen mit dem n\u00f6tigen Mut.\",\"breadcrumb\":{\"@id\":\"https:\\\/\\\/re-arrange.de\\\/call-to-action\\\/#breadcrumb\"},\"inLanguage\":\"en-GB\",\"potentialAction\":[{\"@type\":\"ReadAction\",\"target\":[\"https:\\\/\\\/re-arrange.de\\\/call-to-action\\\/\"]}]},{\"@type\":\"BreadcrumbList\",\"@id\":\"https:\\\/\\\/re-arrange.de\\\/call-to-action\\\/#breadcrumb\",\"itemListElement\":[{\"@type\":\"ListItem\",\"position\":1,\"name\":\"Startseite\",\"item\":\"https:\\\/\\\/re-arrange.de\\\/\"},{\"@type\":\"ListItem\",\"position\":2,\"name\":\"Call to Action\"}]},{\"@type\":\"WebSite\",\"@id\":\"https:\\\/\\\/re-arrange.de\\\/#website\",\"url\":\"https:\\\/\\\/re-arrange.de\\\/\",\"name\":\"Rearrange gGmbH\",\"description\":\"Wir l\u00f6sen soziale Probleme\",\"publisher\":{\"@id\":\"https:\\\/\\\/re-arrange.de\\\/#organization\"},\"alternateName\":\"Rearrange\",\"potentialAction\":[{\"@type\":\"SearchAction\",\"target\":{\"@type\":\"EntryPoint\",\"urlTemplate\":\"https:\\\/\\\/re-arrange.de\\\/?s={search_term_string}\"},\"query-input\":{\"@type\":\"PropertyValueSpecification\",\"valueRequired\":true,\"valueName\":\"search_term_string\"}}],\"inLanguage\":\"en-GB\"},{\"@type\":\"Organization\",\"@id\":\"https:\\\/\\\/re-arrange.de\\\/#organization\",\"name\":\"Rearrange gGmbH\",\"alternateName\":\"Rearrage\",\"url\":\"https:\\\/\\\/re-arrange.de\\\/\",\"logo\":{\"@type\":\"ImageObject\",\"inLanguage\":\"en-GB\",\"@id\":\"https:\\\/\\\/re-arrange.de\\\/#\\\/schema\\\/logo\\\/image\\\/\",\"url\":\"https:\\\/\\\/re-arrange.de\\\/wp-content\\\/uploads\\\/2023\\\/07\\\/REA-Logo-final-500px.png\",\"contentUrl\":\"https:\\\/\\\/re-arrange.de\\\/wp-content\\\/uploads\\\/2023\\\/07\\\/REA-Logo-final-500px.png\",\"width\":500,\"height\":205,\"caption\":\"Rearrange gGmbH\"},\"image\":{\"@id\":\"https:\\\/\\\/re-arrange.de\\\/#\\\/schema\\\/logo\\\/image\\\/\"},\"sameAs\":[\"https:\\\/\\\/www.linkedin.com\\\/company\\\/rearrange-ggmbh\\\/about\\\/\"]}]}<\/script>\n<!-- \/ Yoast SEO plugin. -->","yoast_head_json":{"title":"CALL TO ACTION | Rearrange gGmbH","description":"Machen Sie mit bei Rearrange und werden Sie Teil der Ver\u00e4nderung. Wir suchen immer nach Vision\u00e4r:innen mit dem n\u00f6tigen Mut.","robots":{"index":"index","follow":"follow","max-snippet":"max-snippet:-1","max-image-preview":"max-image-preview:large","max-video-preview":"max-video-preview:-1"},"canonical":"https:\/\/re-arrange.de\/english\/call-to-action\/","og_locale":"en_GB","og_type":"article","og_title":"CALL TO ACTION | Rearrange gGmbH","og_description":"Machen Sie mit bei Rearrange und werden Sie Teil der Ver\u00e4nderung. Wir suchen immer nach Vision\u00e4r:innen mit dem n\u00f6tigen Mut.","og_url":"https:\/\/re-arrange.de\/english\/call-to-action\/","og_site_name":"Rearrange gGmbH","article_modified_time":"2024-06-26T21:38:55+00:00","twitter_card":"summary_large_image","twitter_misc":{"Estimated reading time":"1 minute"},"schema":{"@context":"https:\/\/schema.org","@graph":[{"@type":"WebPage","@id":"https:\/\/re-arrange.de\/call-to-action\/","url":"https:\/\/re-arrange.de\/call-to-action\/","name":"CALL TO ACTION | Rearrange gGmbH","isPartOf":{"@id":"https:\/\/re-arrange.de\/#website"},"datePublished":"2023-08-01T13:05:51+00:00","dateModified":"2024-06-26T21:38:55+00:00","description":"Machen Sie mit bei Rearrange und werden Sie Teil der Ver\u00e4nderung. Wir suchen immer nach Vision\u00e4r:innen mit dem n\u00f6tigen Mut.","breadcrumb":{"@id":"https:\/\/re-arrange.de\/call-to-action\/#breadcrumb"},"inLanguage":"en-GB","potentialAction":[{"@type":"ReadAction","target":["https:\/\/re-arrange.de\/call-to-action\/"]}]},{"@type":"BreadcrumbList","@id":"https:\/\/re-arrange.de\/call-to-action\/#breadcrumb","itemListElement":[{"@type":"ListItem","position":1,"name":"Startseite","item":"https:\/\/re-arrange.de\/"},{"@type":"ListItem","position":2,"name":"Call to Action"}]},{"@type":"WebSite","@id":"https:\/\/re-arrange.de\/#website","url":"https:\/\/re-arrange.de\/","name":"Rearrange gGmbH","description":"Wir l\u00f6sen soziale Probleme","publisher":{"@id":"https:\/\/re-arrange.de\/#organization"},"alternateName":"Rearrange","potentialAction":[{"@type":"SearchAction","target":{"@type":"EntryPoint","urlTemplate":"https:\/\/re-arrange.de\/?s={search_term_string}"},"query-input":{"@type":"PropertyValueSpecification","valueRequired":true,"valueName":"search_term_string"}}],"inLanguage":"en-GB"},{"@type":"Organization","@id":"https:\/\/re-arrange.de\/#organization","name":"Rearrange gGmbH","alternateName":"Rearrage","url":"https:\/\/re-arrange.de\/","logo":{"@type":"ImageObject","inLanguage":"en-GB","@id":"https:\/\/re-arrange.de\/#\/schema\/logo\/image\/","url":"https:\/\/re-arrange.de\/wp-content\/uploads\/2023\/07\/REA-Logo-final-500px.png","contentUrl":"https:\/\/re-arrange.de\/wp-content\/uploads\/2023\/07\/REA-Logo-final-500px.png","width":500,"height":205,"caption":"Rearrange gGmbH"},"image":{"@id":"https:\/\/re-arrange.de\/#\/schema\/logo\/image\/"},"sameAs":["https:\/\/www.linkedin.com\/company\/rearrange-ggmbh\/about\/"]}]}},"_links":{"self":[{"href":"https:\/\/re-arrange.de\/english\/wp-json\/wp\/v2\/pages\/84","targetHints":{"allow":["GET"]}}],"collection":[{"href":"https:\/\/re-arrange.de\/english\/wp-json\/wp\/v2\/pages"}],"about":[{"href":"https:\/\/re-arrange.de\/english\/wp-json\/wp\/v2\/types\/page"}],"author":[{"embeddable":true,"href":"https:\/\/re-arrange.de\/english\/wp-json\/wp\/v2\/users\/3"}],"replies":[{"embeddable":true,"href":"https:\/\/re-arrange.de\/english\/wp-json\/wp\/v2\/comments?post=84"}],"version-history":[{"count":10,"href":"https:\/\/re-arrange.de\/english\/wp-json\/wp\/v2\/pages\/84\/revisions"}],"predecessor-version":[{"id":899,"href":"https:\/\/re-arrange.de\/english\/wp-json\/wp\/v2\/pages\/84\/revisions\/899"}],"wp:attachment":[{"href":"https:\/\/re-arrange.de\/english\/wp-json\/wp\/v2\/media?parent=84"}],"curies":[{"name":"wp","href":"https:\/\/api.w.org\/{rel}","templated":true}]}}