{"id":237,"date":"2023-08-10T13:16:44","date_gmt":"2023-08-10T11:16:44","guid":{"rendered":"https:\/\/re-arrange.de\/?page_id=237"},"modified":"2023-09-12T08:02:18","modified_gmt":"2023-09-12T06:02:18","slug":"ansatz","status":"publish","type":"page","link":"https:\/\/re-arrange.de\/english\/ansatz\/","title":{"rendered":"APPROACH"},"content":{"rendered":"<h2 class=\"wp-block-heading has-text-align-center\">APPROACH<\/h2>\n\n\n\n<div style=\"height:100px\" aria-hidden=\"true\" class=\"wp-block-spacer\"><\/div>\n\n\n\n<div class=\"wp-block-columns is-layout-flex wp-container-core-columns-is-layout-28f84493 wp-block-columns-is-layout-flex\">\n<div class=\"wp-block-column is-layout-flow wp-block-column-is-layout-flow\">\n<h2 class=\"wp-block-heading has-text-align-center translation-block\">Focus on Symptoms<\/h2>\n\n\n\n<hr class=\"wp-block-separator has-text-color has-alpha-channel-opacity has-background is-style-wide\" style=\"background-color:#ed755d;color:#ed755d\"\/>\n\n\n\n<p>Marginalization of people is a constantly changing process. Social work provides damage control and responds to effects like poverty, homelessness, addiction, delinquency and many more. <\/p>\n<\/div>\n\n\n\n<div class=\"wp-block-column is-layout-flow wp-block-column-is-layout-flow\" style=\"flex-basis:10px\">\n<h2 class=\"wp-block-heading has-text-align-center\">+<\/h2>\n<\/div>\n\n\n\n<div class=\"wp-block-column is-layout-flow wp-block-column-is-layout-flow\">\n<h2 class=\"wp-block-heading has-text-align-center translation-block\">Focus on Causes<\/h2>\n\n\n\n<hr class=\"wp-block-separator has-text-color has-alpha-channel-opacity has-background is-style-wide\" style=\"background-color:#ed755d;color:#ed755d\"\/>\n\n\n\n<p class=\"translation-block\">Rearrange thereby strengthens the structural position of social work and involves politics and administration in solutions. Through constant exchange, the welfare state reacts in a more resource-oriented, agile and targeted way to social change and (new) needs for help.<\/p>\n<\/div>\n<\/div>\n\n\n\n<div style=\"height:69px\" aria-hidden=\"true\" class=\"wp-block-spacer\"><\/div>\n\n\n\n<figure class=\"wp-block-image size-full ansatz\"><img fetchpriority=\"high\" decoding=\"async\" width=\"1000\" height=\"1000\" src=\"https:\/\/re-arrange.de\/wp-content\/uploads\/2023\/09\/Infografik-englisch_1000.gif\" alt=\"\" class=\"wp-image-779\" style=\"object-fit:cover\"\/><\/figure>\n\n\n\n<div style=\"height:100px\" aria-hidden=\"true\" class=\"wp-block-spacer\"><\/div>","protected":false},"excerpt":{"rendered":"<p>ANSATZ Symptom-orientierung Marginalisierung von Menschen ist ein sich stetig ver\u00e4ndernder Prozess. Die Hilfesysteme der Sozialen Arbeit leisten Schadensbegrenzung und reagieren auf die Auswirkungen, die sich beispielsweise in Form von Armut, Wohnungslosigkeit, Sucht oder Delinquenz \u00e4u\u00dfern k\u00f6nnen. + Ursachen-orientierung Rearrange st\u00e4rkt dabei die strukturelle Position der Sozialen Arbeit und beteiligt Politik und Verwaltung an L\u00f6sungen. Durch [&hellip;]<\/p>\n","protected":false},"author":3,"featured_media":0,"parent":0,"menu_order":0,"comment_status":"closed","ping_status":"closed","template":"","meta":{"footnotes":""},"class_list":["post-237","page","type-page","status-publish","hentry"],"blocksy_meta":{"page_structure_type":"type-3"},"yoast_head":"<!-- This site is optimized with the Yoast SEO plugin v27.3 - https:\/\/yoast.com\/product\/yoast-seo-wordpress\/ -->\n<title>ANSATZ | Rearrange gGmbH<\/title>\n<meta name=\"description\" content=\"Lerne mehr \u00fcber den Ansatz von Rearrange und wie wir Soziale Probleme Ursachenorientiert l\u00f6sen wollen.\" \/>\n<meta name=\"robots\" content=\"index, follow, max-snippet:-1, max-image-preview:large, max-video-preview:-1\" \/>\n<link rel=\"canonical\" href=\"https:\/\/re-arrange.de\/english\/ansatz\/\" \/>\n<meta property=\"og:locale\" content=\"en_GB\" \/>\n<meta property=\"og:type\" content=\"article\" \/>\n<meta property=\"og:title\" content=\"ANSATZ | Rearrange gGmbH\" \/>\n<meta property=\"og:description\" content=\"Lerne mehr \u00fcber den Ansatz von Rearrange und wie wir Soziale Probleme Ursachenorientiert l\u00f6sen wollen.\" \/>\n<meta property=\"og:url\" content=\"https:\/\/re-arrange.de\/english\/ansatz\/\" \/>\n<meta property=\"og:site_name\" content=\"Rearrange gGmbH\" \/>\n<meta property=\"article:modified_time\" content=\"2023-09-12T06:02:18+00:00\" \/>\n<meta property=\"og:image\" content=\"https:\/\/re-arrange.de\/wp-content\/uploads\/2023\/09\/Infografik-deutsch_1000-1.gif\" \/>\n<meta name=\"twitter:card\" content=\"summary_large_image\" \/>\n<meta name=\"twitter:label1\" content=\"Estimated reading time\" \/>\n\t<meta name=\"twitter:data1\" content=\"1 minute\" \/>\n<script type=\"application\/ld+json\" class=\"yoast-schema-graph\">{\"@context\":\"https:\\\/\\\/schema.org\",\"@graph\":[{\"@type\":\"WebPage\",\"@id\":\"https:\\\/\\\/re-arrange.de\\\/ansatz\\\/\",\"url\":\"https:\\\/\\\/re-arrange.de\\\/ansatz\\\/\",\"name\":\"ANSATZ | Rearrange gGmbH\",\"isPartOf\":{\"@id\":\"https:\\\/\\\/re-arrange.de\\\/#website\"},\"primaryImageOfPage\":{\"@id\":\"https:\\\/\\\/re-arrange.de\\\/ansatz\\\/#primaryimage\"},\"image\":{\"@id\":\"https:\\\/\\\/re-arrange.de\\\/ansatz\\\/#primaryimage\"},\"thumbnailUrl\":\"https:\\\/\\\/re-arrange.de\\\/wp-content\\\/uploads\\\/2023\\\/09\\\/Infografik-deutsch_1000-1.gif\",\"datePublished\":\"2023-08-10T11:16:44+00:00\",\"dateModified\":\"2023-09-12T06:02:18+00:00\",\"description\":\"Lerne mehr \u00fcber den Ansatz von Rearrange und wie wir Soziale Probleme Ursachenorientiert l\u00f6sen wollen.\",\"breadcrumb\":{\"@id\":\"https:\\\/\\\/re-arrange.de\\\/ansatz\\\/#breadcrumb\"},\"inLanguage\":\"en-GB\",\"potentialAction\":[{\"@type\":\"ReadAction\",\"target\":[\"https:\\\/\\\/re-arrange.de\\\/ansatz\\\/\"]}]},{\"@type\":\"ImageObject\",\"inLanguage\":\"en-GB\",\"@id\":\"https:\\\/\\\/re-arrange.de\\\/ansatz\\\/#primaryimage\",\"url\":\"https:\\\/\\\/re-arrange.de\\\/wp-content\\\/uploads\\\/2023\\\/09\\\/Infografik-deutsch_1000-1.gif\",\"contentUrl\":\"https:\\\/\\\/re-arrange.de\\\/wp-content\\\/uploads\\\/2023\\\/09\\\/Infografik-deutsch_1000-1.gif\"},{\"@type\":\"BreadcrumbList\",\"@id\":\"https:\\\/\\\/re-arrange.de\\\/ansatz\\\/#breadcrumb\",\"itemListElement\":[{\"@type\":\"ListItem\",\"position\":1,\"name\":\"Startseite\",\"item\":\"https:\\\/\\\/re-arrange.de\\\/\"},{\"@type\":\"ListItem\",\"position\":2,\"name\":\"ANSATZ\"}]},{\"@type\":\"WebSite\",\"@id\":\"https:\\\/\\\/re-arrange.de\\\/#website\",\"url\":\"https:\\\/\\\/re-arrange.de\\\/\",\"name\":\"Rearrange gGmbH\",\"description\":\"Wir l\u00f6sen soziale Probleme\",\"publisher\":{\"@id\":\"https:\\\/\\\/re-arrange.de\\\/#organization\"},\"alternateName\":\"Rearrange\",\"potentialAction\":[{\"@type\":\"SearchAction\",\"target\":{\"@type\":\"EntryPoint\",\"urlTemplate\":\"https:\\\/\\\/re-arrange.de\\\/?s={search_term_string}\"},\"query-input\":{\"@type\":\"PropertyValueSpecification\",\"valueRequired\":true,\"valueName\":\"search_term_string\"}}],\"inLanguage\":\"en-GB\"},{\"@type\":\"Organization\",\"@id\":\"https:\\\/\\\/re-arrange.de\\\/#organization\",\"name\":\"Rearrange gGmbH\",\"alternateName\":\"Rearrage\",\"url\":\"https:\\\/\\\/re-arrange.de\\\/\",\"logo\":{\"@type\":\"ImageObject\",\"inLanguage\":\"en-GB\",\"@id\":\"https:\\\/\\\/re-arrange.de\\\/#\\\/schema\\\/logo\\\/image\\\/\",\"url\":\"https:\\\/\\\/re-arrange.de\\\/wp-content\\\/uploads\\\/2023\\\/07\\\/REA-Logo-final-500px.png\",\"contentUrl\":\"https:\\\/\\\/re-arrange.de\\\/wp-content\\\/uploads\\\/2023\\\/07\\\/REA-Logo-final-500px.png\",\"width\":500,\"height\":205,\"caption\":\"Rearrange gGmbH\"},\"image\":{\"@id\":\"https:\\\/\\\/re-arrange.de\\\/#\\\/schema\\\/logo\\\/image\\\/\"},\"sameAs\":[\"https:\\\/\\\/www.linkedin.com\\\/company\\\/rearrange-ggmbh\\\/about\\\/\"]}]}<\/script>\n<!-- \/ Yoast SEO plugin. -->","yoast_head_json":{"title":"ANSATZ | Rearrange gGmbH","description":"Lerne mehr \u00fcber den Ansatz von Rearrange und wie wir Soziale Probleme Ursachenorientiert l\u00f6sen wollen.","robots":{"index":"index","follow":"follow","max-snippet":"max-snippet:-1","max-image-preview":"max-image-preview:large","max-video-preview":"max-video-preview:-1"},"canonical":"https:\/\/re-arrange.de\/english\/ansatz\/","og_locale":"en_GB","og_type":"article","og_title":"ANSATZ | Rearrange gGmbH","og_description":"Lerne mehr \u00fcber den Ansatz von Rearrange und wie wir Soziale Probleme Ursachenorientiert l\u00f6sen wollen.","og_url":"https:\/\/re-arrange.de\/english\/ansatz\/","og_site_name":"Rearrange gGmbH","article_modified_time":"2023-09-12T06:02:18+00:00","og_image":[{"url":"https:\/\/re-arrange.de\/wp-content\/uploads\/2023\/09\/Infografik-deutsch_1000-1.gif","type":"","width":"","height":""}],"twitter_card":"summary_large_image","twitter_misc":{"Estimated reading time":"1 minute"},"schema":{"@context":"https:\/\/schema.org","@graph":[{"@type":"WebPage","@id":"https:\/\/re-arrange.de\/ansatz\/","url":"https:\/\/re-arrange.de\/ansatz\/","name":"ANSATZ | Rearrange gGmbH","isPartOf":{"@id":"https:\/\/re-arrange.de\/#website"},"primaryImageOfPage":{"@id":"https:\/\/re-arrange.de\/ansatz\/#primaryimage"},"image":{"@id":"https:\/\/re-arrange.de\/ansatz\/#primaryimage"},"thumbnailUrl":"https:\/\/re-arrange.de\/wp-content\/uploads\/2023\/09\/Infografik-deutsch_1000-1.gif","datePublished":"2023-08-10T11:16:44+00:00","dateModified":"2023-09-12T06:02:18+00:00","description":"Lerne mehr \u00fcber den Ansatz von Rearrange und wie wir Soziale Probleme Ursachenorientiert l\u00f6sen wollen.","breadcrumb":{"@id":"https:\/\/re-arrange.de\/ansatz\/#breadcrumb"},"inLanguage":"en-GB","potentialAction":[{"@type":"ReadAction","target":["https:\/\/re-arrange.de\/ansatz\/"]}]},{"@type":"ImageObject","inLanguage":"en-GB","@id":"https:\/\/re-arrange.de\/ansatz\/#primaryimage","url":"https:\/\/re-arrange.de\/wp-content\/uploads\/2023\/09\/Infografik-deutsch_1000-1.gif","contentUrl":"https:\/\/re-arrange.de\/wp-content\/uploads\/2023\/09\/Infografik-deutsch_1000-1.gif"},{"@type":"BreadcrumbList","@id":"https:\/\/re-arrange.de\/ansatz\/#breadcrumb","itemListElement":[{"@type":"ListItem","position":1,"name":"Startseite","item":"https:\/\/re-arrange.de\/"},{"@type":"ListItem","position":2,"name":"ANSATZ"}]},{"@type":"WebSite","@id":"https:\/\/re-arrange.de\/#website","url":"https:\/\/re-arrange.de\/","name":"Rearrange gGmbH","description":"Wir l\u00f6sen soziale Probleme","publisher":{"@id":"https:\/\/re-arrange.de\/#organization"},"alternateName":"Rearrange","potentialAction":[{"@type":"SearchAction","target":{"@type":"EntryPoint","urlTemplate":"https:\/\/re-arrange.de\/?s={search_term_string}"},"query-input":{"@type":"PropertyValueSpecification","valueRequired":true,"valueName":"search_term_string"}}],"inLanguage":"en-GB"},{"@type":"Organization","@id":"https:\/\/re-arrange.de\/#organization","name":"Rearrange gGmbH","alternateName":"Rearrage","url":"https:\/\/re-arrange.de\/","logo":{"@type":"ImageObject","inLanguage":"en-GB","@id":"https:\/\/re-arrange.de\/#\/schema\/logo\/image\/","url":"https:\/\/re-arrange.de\/wp-content\/uploads\/2023\/07\/REA-Logo-final-500px.png","contentUrl":"https:\/\/re-arrange.de\/wp-content\/uploads\/2023\/07\/REA-Logo-final-500px.png","width":500,"height":205,"caption":"Rearrange gGmbH"},"image":{"@id":"https:\/\/re-arrange.de\/#\/schema\/logo\/image\/"},"sameAs":["https:\/\/www.linkedin.com\/company\/rearrange-ggmbh\/about\/"]}]}},"_links":{"self":[{"href":"https:\/\/re-arrange.de\/english\/wp-json\/wp\/v2\/pages\/237","targetHints":{"allow":["GET"]}}],"collection":[{"href":"https:\/\/re-arrange.de\/english\/wp-json\/wp\/v2\/pages"}],"about":[{"href":"https:\/\/re-arrange.de\/english\/wp-json\/wp\/v2\/types\/page"}],"author":[{"embeddable":true,"href":"https:\/\/re-arrange.de\/english\/wp-json\/wp\/v2\/users\/3"}],"replies":[{"embeddable":true,"href":"https:\/\/re-arrange.de\/english\/wp-json\/wp\/v2\/comments?post=237"}],"version-history":[{"count":10,"href":"https:\/\/re-arrange.de\/english\/wp-json\/wp\/v2\/pages\/237\/revisions"}],"predecessor-version":[{"id":869,"href":"https:\/\/re-arrange.de\/english\/wp-json\/wp\/v2\/pages\/237\/revisions\/869"}],"wp:attachment":[{"href":"https:\/\/re-arrange.de\/english\/wp-json\/wp\/v2\/media?parent=237"}],"curies":[{"name":"wp","href":"https:\/\/api.w.org\/{rel}","templated":true}]}}