{"id":96,"date":"2023-08-01T15:20:24","date_gmt":"2023-08-01T13:20:24","guid":{"rendered":"https:\/\/re-arrange.de\/?page_id=96"},"modified":"2024-06-27T00:04:15","modified_gmt":"2024-06-26T22:04:15","slug":"transparenz","status":"publish","type":"page","link":"https:\/\/re-arrange.de\/deutsch\/transparenz\/","title":{"rendered":"TRANSPARENZ"},"content":{"rendered":"\n<h2 class=\"wp-block-heading has-text-align-center\">TRANSPARENZ<\/h2>\n\n\n\n<div style=\"height:100px\" aria-hidden=\"true\" class=\"wp-block-spacer\"><\/div>\n\n\n\n<p>Informationen \u00fcber die <a href=\"https:\/\/www.linkedin.com\/company\/rearrange-ggmbh\/\" target=\"_blank\" rel=\"noreferrer noopener\">Rearrange gGmbH<\/a> entsprechend der Selbstverpflichtungserkl\u00e4rung der <a href=\"https:\/\/www.transparente-zivilgesellschaft.de\" target=\"_blank\" rel=\"noreferrer noopener\">Initiative Transparente Zivilgesellschaft<\/a>.<\/p>\n\n\n\n<p>Als gemeinn\u00fctzige GmbH ist uns Transparenz wichtig. Deshalb m\u00f6chten wir uns der <a href=\"https:\/\/www.transparente-zivilgesellschaft.de\" target=\"_blank\" rel=\"noreferrer noopener\">ITZ<\/a> anschlie\u00dfen. Wir verpflichten uns jetzt schon, die folgenden zehn Informationen der \u00d6ffentlichkeit zur Verf\u00fcgung zu stellen und stets aktuell zu halten.<\/p>\n\n\n\n<div style=\"height:100px\" aria-hidden=\"true\" class=\"wp-block-spacer\"><\/div>\n\n\n\n<p><strong>1. Name, Sitz, Anschrift und Gr\u00fcndungsjahr<\/strong><\/p>\n\n\n\n<p>Rearrange gGmbH, Kochhannstra\u00dfe 6, 10249 Berlin<\/p>\n\n\n\n<p>Ansprechperson: Rebecca-Paulina Prausner<\/p>\n\n\n\n<p><a href=\"rebecca.prausner@re-arrange.de\">rebecca.prausner@re-arrange.de <\/a><\/p>\n\n\n\n<p>Gr\u00fcndungsjahr: 06\/2023<\/p>\n\n\n\n<p><strong>2. Vollst\u00e4ndige Satzung sowie Angaben der Ziele der Organisation<\/strong><\/p>\n\n\n\n<div class=\"wp-block-buttons is-layout-flex wp-block-buttons-is-layout-flex\">\n<div class=\"wp-block-button\"><a class=\"wp-block-button__link wp-element-button\" href=\"https:\/\/re-arrange.de\/wp-content\/uploads\/2023\/08\/Satzung_Rearrange_2023.pdf\" target=\"_blank\" rel=\"noreferrer noopener\">Download Satzung<\/a><\/div>\n<\/div>\n\n\n\n<p><strong>3. Angaben zur Steuerbeg\u00fcnstigung<\/strong><\/p>\n\n\n\n<p>Die Rearrange gGmbH ist wegen der F\u00f6rderung gemeinn\u00fctziger Ziele laut dem letzten Freistellungsbescheid vom 22.6.2023 nach \u00a75 Abs.1 Nr.9 des K\u00f6rperschaftssteuergesetzes von der K\u00f6rperschaftssteuer befreit.&nbsp;<\/p>\n\n\n\n<p><strong>4. Name und Funktion wesentlicher Entscheidungstr\u00e4ger:innen<\/strong><\/p>\n\n\n\n<p><a href=\"https:\/\/re-arrange.de\/de_de\/gruenderinnen\/#Rebecca\">Rebecca-Paulina Prausner<\/a>: Gesch\u00e4ftsf\u00fchrende Gesellschafterin<\/p>\n\n\n\n<p><strong>5. T\u00e4tigkeitsbericht<\/strong><\/p>\n\n\n\n<p>Erscheint am Ende des Jahres 2024.<\/p>\n\n\n\n<p><strong>6. Personalstruktur<\/strong><\/p>\n\n\n\n<p>Rebecca-Paulina Prausner arbeitet ehrenamtlich f\u00fcr die Erreichung und Umsetzung der Ziele der Rearrange gGmbH. Jan Klesse von <a href=\"https:\/\/leipziglegal.de\/\" target=\"_blank\" rel=\"noreferrer noopener\">Leipzig Legal<\/a> ist als Rechtsanwalt an allen juristischen Angelegenheiten beteiligt.&nbsp;<\/p>\n\n\n\n<p><strong>7. Angaben zur Mittelherkunft<\/strong><\/p>\n\n\n\n<p>Die Mittelherkunft liegt im Jahr 2024 im Stammkapital der gGmbH.<\/p>\n\n\n\n<p><strong>8. Angaben zur Mittelverwendung<\/strong><\/p>\n\n\n\n<p>Die Angaben zur Mittelverwendung erscheinen am Ende des Jahre 2024 im Rahmen des T\u00e4tigkeitsberichts.\u00a0<\/p>\n\n\n\n<p><strong>9. Gesellschaftsrechtliche Verbundenheit bei Dritten<\/strong><\/p>\n\n\n\n<p>Rebecca-Paulina Prausner tr\u00e4gt 100% der Anteile.<\/p>\n\n\n\n<p><strong>10. Namen von Personen, deren j\u00e4hrliche Zahlungen mehr als 10% des Gesamtbudgets ausmachen<\/strong><\/p>\n\n\n\n<p>Rebecca-Paulina Prausner  (Mittelherkunft liegt derzeit im Stammkapital)<\/p>\n\n\n\n<div style=\"height:100px\" aria-hidden=\"true\" class=\"wp-block-spacer\"><\/div>\n","protected":false},"excerpt":{"rendered":"<p>TRANSPARENZ Informationen \u00fcber die Rearrange gGmbH entsprechend der Selbstverpflichtungserkl\u00e4rung der Initiative Transparente Zivilgesellschaft. Als gemeinn\u00fctzige GmbH ist uns Transparenz wichtig. Deshalb m\u00f6chten wir uns der ITZ anschlie\u00dfen. Wir verpflichten uns jetzt schon, die folgenden zehn Informationen der \u00d6ffentlichkeit zur Verf\u00fcgung zu stellen und stets aktuell zu halten. 1. Name, Sitz, Anschrift und Gr\u00fcndungsjahr Rearrange gGmbH, [&hellip;]<\/p>\n","protected":false},"author":3,"featured_media":0,"parent":0,"menu_order":0,"comment_status":"closed","ping_status":"closed","template":"","meta":{"footnotes":""},"class_list":["post-96","page","type-page","status-publish","hentry"],"blocksy_meta":{"page_structure_type":"type-3"},"yoast_head":"<!-- This site is optimized with the Yoast SEO plugin v27.4 - https:\/\/yoast.com\/product\/yoast-seo-wordpress\/ -->\n<title>TRANSPARENZ | Rearrange gGmbH<\/title>\n<meta name=\"description\" content=\"Transparenz ist uns ein sehr wichtiges Anliegen. Deswegen stellen wir unsere Informationen der \u00d6ffentlichkeit zur Verf\u00fcgung-\" \/>\n<meta name=\"robots\" content=\"index, follow, max-snippet:-1, max-image-preview:large, max-video-preview:-1\" \/>\n<link rel=\"canonical\" href=\"https:\/\/re-arrange.de\/deutsch\/transparenz\/\" \/>\n<meta property=\"og:locale\" content=\"de_DE\" \/>\n<meta property=\"og:type\" content=\"article\" \/>\n<meta property=\"og:title\" content=\"TRANSPARENZ | Rearrange gGmbH\" \/>\n<meta property=\"og:description\" content=\"Transparenz ist uns ein sehr wichtiges Anliegen. Deswegen stellen wir unsere Informationen der \u00d6ffentlichkeit zur Verf\u00fcgung-\" \/>\n<meta property=\"og:url\" content=\"https:\/\/re-arrange.de\/deutsch\/transparenz\/\" \/>\n<meta property=\"og:site_name\" content=\"Rearrange gGmbH\" \/>\n<meta property=\"article:modified_time\" content=\"2024-06-26T22:04:15+00:00\" \/>\n<meta name=\"twitter:card\" content=\"summary_large_image\" \/>\n<script type=\"application\/ld+json\" class=\"yoast-schema-graph\">{\"@context\":\"https:\\\/\\\/schema.org\",\"@graph\":[{\"@type\":\"WebPage\",\"@id\":\"https:\\\/\\\/re-arrange.de\\\/transparenz\\\/\",\"url\":\"https:\\\/\\\/re-arrange.de\\\/transparenz\\\/\",\"name\":\"TRANSPARENZ | Rearrange gGmbH\",\"isPartOf\":{\"@id\":\"https:\\\/\\\/re-arrange.de\\\/#website\"},\"datePublished\":\"2023-08-01T13:20:24+00:00\",\"dateModified\":\"2024-06-26T22:04:15+00:00\",\"description\":\"Transparenz ist uns ein sehr wichtiges Anliegen. Deswegen stellen wir unsere Informationen der \u00d6ffentlichkeit zur Verf\u00fcgung-\",\"breadcrumb\":{\"@id\":\"https:\\\/\\\/re-arrange.de\\\/transparenz\\\/#breadcrumb\"},\"inLanguage\":\"de\",\"potentialAction\":[{\"@type\":\"ReadAction\",\"target\":[\"https:\\\/\\\/re-arrange.de\\\/transparenz\\\/\"]}]},{\"@type\":\"BreadcrumbList\",\"@id\":\"https:\\\/\\\/re-arrange.de\\\/transparenz\\\/#breadcrumb\",\"itemListElement\":[{\"@type\":\"ListItem\",\"position\":1,\"name\":\"Startseite\",\"item\":\"https:\\\/\\\/re-arrange.de\\\/\"},{\"@type\":\"ListItem\",\"position\":2,\"name\":\"TRANSPARENZ\"}]},{\"@type\":\"WebSite\",\"@id\":\"https:\\\/\\\/re-arrange.de\\\/#website\",\"url\":\"https:\\\/\\\/re-arrange.de\\\/\",\"name\":\"Rearrange gGmbH\",\"description\":\"Wir l\u00f6sen soziale Probleme\",\"publisher\":{\"@id\":\"https:\\\/\\\/re-arrange.de\\\/#organization\"},\"alternateName\":\"Rearrange\",\"potentialAction\":[{\"@type\":\"SearchAction\",\"target\":{\"@type\":\"EntryPoint\",\"urlTemplate\":\"https:\\\/\\\/re-arrange.de\\\/?s={search_term_string}\"},\"query-input\":{\"@type\":\"PropertyValueSpecification\",\"valueRequired\":true,\"valueName\":\"search_term_string\"}}],\"inLanguage\":\"de\"},{\"@type\":\"Organization\",\"@id\":\"https:\\\/\\\/re-arrange.de\\\/#organization\",\"name\":\"Rearrange gGmbH\",\"alternateName\":\"Rearrage\",\"url\":\"https:\\\/\\\/re-arrange.de\\\/\",\"logo\":{\"@type\":\"ImageObject\",\"inLanguage\":\"de\",\"@id\":\"https:\\\/\\\/re-arrange.de\\\/#\\\/schema\\\/logo\\\/image\\\/\",\"url\":\"https:\\\/\\\/re-arrange.de\\\/wp-content\\\/uploads\\\/2023\\\/07\\\/REA-Logo-final-500px.png\",\"contentUrl\":\"https:\\\/\\\/re-arrange.de\\\/wp-content\\\/uploads\\\/2023\\\/07\\\/REA-Logo-final-500px.png\",\"width\":500,\"height\":205,\"caption\":\"Rearrange gGmbH\"},\"image\":{\"@id\":\"https:\\\/\\\/re-arrange.de\\\/#\\\/schema\\\/logo\\\/image\\\/\"},\"sameAs\":[\"https:\\\/\\\/www.linkedin.com\\\/company\\\/rearrange-ggmbh\\\/about\\\/\"]}]}<\/script>\n<!-- \/ Yoast SEO plugin. -->","yoast_head_json":{"title":"TRANSPARENZ | Rearrange gGmbH","description":"Transparenz ist uns ein sehr wichtiges Anliegen. Deswegen stellen wir unsere Informationen der \u00d6ffentlichkeit zur Verf\u00fcgung-","robots":{"index":"index","follow":"follow","max-snippet":"max-snippet:-1","max-image-preview":"max-image-preview:large","max-video-preview":"max-video-preview:-1"},"canonical":"https:\/\/re-arrange.de\/deutsch\/transparenz\/","og_locale":"de_DE","og_type":"article","og_title":"TRANSPARENZ | Rearrange gGmbH","og_description":"Transparenz ist uns ein sehr wichtiges Anliegen. Deswegen stellen wir unsere Informationen der \u00d6ffentlichkeit zur Verf\u00fcgung-","og_url":"https:\/\/re-arrange.de\/deutsch\/transparenz\/","og_site_name":"Rearrange gGmbH","article_modified_time":"2024-06-26T22:04:15+00:00","twitter_card":"summary_large_image","schema":{"@context":"https:\/\/schema.org","@graph":[{"@type":"WebPage","@id":"https:\/\/re-arrange.de\/transparenz\/","url":"https:\/\/re-arrange.de\/transparenz\/","name":"TRANSPARENZ | Rearrange gGmbH","isPartOf":{"@id":"https:\/\/re-arrange.de\/#website"},"datePublished":"2023-08-01T13:20:24+00:00","dateModified":"2024-06-26T22:04:15+00:00","description":"Transparenz ist uns ein sehr wichtiges Anliegen. Deswegen stellen wir unsere Informationen der \u00d6ffentlichkeit zur Verf\u00fcgung-","breadcrumb":{"@id":"https:\/\/re-arrange.de\/transparenz\/#breadcrumb"},"inLanguage":"de","potentialAction":[{"@type":"ReadAction","target":["https:\/\/re-arrange.de\/transparenz\/"]}]},{"@type":"BreadcrumbList","@id":"https:\/\/re-arrange.de\/transparenz\/#breadcrumb","itemListElement":[{"@type":"ListItem","position":1,"name":"Startseite","item":"https:\/\/re-arrange.de\/"},{"@type":"ListItem","position":2,"name":"TRANSPARENZ"}]},{"@type":"WebSite","@id":"https:\/\/re-arrange.de\/#website","url":"https:\/\/re-arrange.de\/","name":"Rearrange gGmbH","description":"Wir l\u00f6sen soziale Probleme","publisher":{"@id":"https:\/\/re-arrange.de\/#organization"},"alternateName":"Rearrange","potentialAction":[{"@type":"SearchAction","target":{"@type":"EntryPoint","urlTemplate":"https:\/\/re-arrange.de\/?s={search_term_string}"},"query-input":{"@type":"PropertyValueSpecification","valueRequired":true,"valueName":"search_term_string"}}],"inLanguage":"de"},{"@type":"Organization","@id":"https:\/\/re-arrange.de\/#organization","name":"Rearrange gGmbH","alternateName":"Rearrage","url":"https:\/\/re-arrange.de\/","logo":{"@type":"ImageObject","inLanguage":"de","@id":"https:\/\/re-arrange.de\/#\/schema\/logo\/image\/","url":"https:\/\/re-arrange.de\/wp-content\/uploads\/2023\/07\/REA-Logo-final-500px.png","contentUrl":"https:\/\/re-arrange.de\/wp-content\/uploads\/2023\/07\/REA-Logo-final-500px.png","width":500,"height":205,"caption":"Rearrange gGmbH"},"image":{"@id":"https:\/\/re-arrange.de\/#\/schema\/logo\/image\/"},"sameAs":["https:\/\/www.linkedin.com\/company\/rearrange-ggmbh\/about\/"]}]}},"_links":{"self":[{"href":"https:\/\/re-arrange.de\/deutsch\/wp-json\/wp\/v2\/pages\/96","targetHints":{"allow":["GET"]}}],"collection":[{"href":"https:\/\/re-arrange.de\/deutsch\/wp-json\/wp\/v2\/pages"}],"about":[{"href":"https:\/\/re-arrange.de\/deutsch\/wp-json\/wp\/v2\/types\/page"}],"author":[{"embeddable":true,"href":"https:\/\/re-arrange.de\/deutsch\/wp-json\/wp\/v2\/users\/3"}],"replies":[{"embeddable":true,"href":"https:\/\/re-arrange.de\/deutsch\/wp-json\/wp\/v2\/comments?post=96"}],"version-history":[{"count":9,"href":"https:\/\/re-arrange.de\/deutsch\/wp-json\/wp\/v2\/pages\/96\/revisions"}],"predecessor-version":[{"id":903,"href":"https:\/\/re-arrange.de\/deutsch\/wp-json\/wp\/v2\/pages\/96\/revisions\/903"}],"wp:attachment":[{"href":"https:\/\/re-arrange.de\/deutsch\/wp-json\/wp\/v2\/media?parent=96"}],"curies":[{"name":"wp","href":"https:\/\/api.w.org\/{rel}","templated":true}]}}