{"id":84,"date":"2023-08-01T15:05:51","date_gmt":"2023-08-01T13:05:51","guid":{"rendered":"https:\/\/re-arrange.de\/?page_id=84"},"modified":"2024-06-26T23:38:55","modified_gmt":"2024-06-26T21:38:55","slug":"call-to-action","status":"publish","type":"page","link":"https:\/\/re-arrange.de\/deutsch\/call-to-action\/","title":{"rendered":"CALL TO ACTION"},"content":{"rendered":"\n<h2 class=\"wp-block-heading has-text-align-center\">CALL TO ACTION<\/h2>\n\n\n\n<div style=\"height:100px\" aria-hidden=\"true\" class=\"wp-block-spacer\"><\/div>\n\n\n\n<p class=\"has-text-color\" style=\"color:#48473d\"><strong>Welche sozialen Problemlagen ben\u00f6tigen Ihrer Meinung nach strukturelle L\u00f6sungsans\u00e4tze?<\/strong><\/p>\n\n\n\n<p class=\"has-text-color\" style=\"color:#48473d\">Die <a href=\"https:\/\/www.linkedin.com\/company\/rearrange-ggmbh\/\" target=\"_blank\" rel=\"noreferrer noopener\">Rearrange gGmbH<\/a> bildet im Bereich Public Entrepreneurship eine Plattform f\u00fcr innovative, kreative und unternehmerische L\u00f6sungen, die zum sozialen Wandel beitragen.&nbsp;<\/p>\n\n\n\n<p class=\"has-text-color\" style=\"color:#48473d\">Daf\u00fcr suchen wir Vision\u00e4r:innen aus der Sozialen Arbeit, Wissenschaft, der Politik, der Verwaltung, der \u00d6ffentlichkeit, der Interessenvertretung und der freien Wirtschaft, die bestehende Strukturen hinterfragen und den Sozialstaat nachhaltig und effizient gestalten wollen.\u00a0<\/p>\n\n\n\n<div style=\"height:100px\" aria-hidden=\"true\" class=\"wp-block-spacer\"><\/div>\n\n\n\n<div class=\"wp-block-contact-form-7-contact-form-selector\">\n<div class=\"wpcf7 no-js\" id=\"wpcf7-f86-o1\" lang=\"de-DE\" dir=\"ltr\" data-wpcf7-id=\"86\">\n<div class=\"screen-reader-response\"><p role=\"status\" aria-live=\"polite\" aria-atomic=\"true\"><\/p> <ul><\/ul><\/div>\n<form action=\"\/deutsch\/wp-json\/wp\/v2\/pages\/84#wpcf7-f86-o1\" method=\"post\" class=\"wpcf7-form init\" aria-label=\"Kontaktformular\" novalidate=\"novalidate\" data-status=\"init\">\n<fieldset class=\"hidden-fields-container\"><input type=\"hidden\" name=\"_wpcf7\" value=\"86\" \/><input type=\"hidden\" name=\"_wpcf7_version\" value=\"6.1.5\" \/><input type=\"hidden\" name=\"_wpcf7_locale\" value=\"de_DE\" \/><input type=\"hidden\" name=\"_wpcf7_unit_tag\" value=\"wpcf7-f86-o1\" \/><input type=\"hidden\" name=\"_wpcf7_container_post\" value=\"0\" \/><input type=\"hidden\" name=\"_wpcf7_posted_data_hash\" value=\"\" \/>\n<\/fieldset>\n<p><label> Ihr Name<br \/>\n<span class=\"wpcf7-form-control-wrap\" data-name=\"your-name\"><input size=\"40\" maxlength=\"400\" class=\"wpcf7-form-control wpcf7-text wpcf7-validates-as-required\" autocomplete=\"name\" aria-required=\"true\" aria-invalid=\"false\" value=\"\" type=\"text\" name=\"your-name\" \/><\/span> <\/label>\n<\/p>\n<p><label> Ihre E-Mail-Adresse<br \/>\n<span class=\"wpcf7-form-control-wrap\" data-name=\"your-email\"><input size=\"40\" maxlength=\"400\" class=\"wpcf7-form-control wpcf7-email wpcf7-validates-as-required wpcf7-text wpcf7-validates-as-email\" autocomplete=\"email\" aria-required=\"true\" aria-invalid=\"false\" value=\"\" type=\"email\" name=\"your-email\" \/><\/span> <\/label>\n<\/p>\n<p><label> Betreff<br \/>\n<span class=\"wpcf7-form-control-wrap\" data-name=\"your-subject\"><input size=\"40\" maxlength=\"400\" class=\"wpcf7-form-control wpcf7-text wpcf7-validates-as-required\" aria-required=\"true\" aria-invalid=\"false\" value=\"\" type=\"text\" name=\"your-subject\" \/><\/span> <\/label>\n<\/p>\n<p><label> Ihre Nachricht<br \/>\n<span class=\"wpcf7-form-control-wrap\" data-name=\"your-message\"><textarea cols=\"40\" rows=\"10\" maxlength=\"2000\" class=\"wpcf7-form-control wpcf7-textarea\" aria-invalid=\"false\" name=\"your-message\"><\/textarea><\/span> <\/label>\n<\/p>\n<p><label> Ich stimme der DSGVO-konformen Verarbeitung meiner Daten hiermit zu. Mehr Informationen dazu finden Sie <a href=\"https:\/\/re-arrange.de\/datenschutz\/\">HIER<\/a>.<br \/>\n<span class=\"wpcf7-form-control-wrap\" data-name=\"checkbox-385\"><span class=\"wpcf7-form-control wpcf7-checkbox wpcf7-validates-as-required\"><span class=\"wpcf7-list-item first last\"><label><input type=\"checkbox\" name=\"checkbox-385[]\" value=\"Ich stimme zu.\" \/><span class=\"wpcf7-list-item-label\">Ich stimme zu.<\/span><\/label><\/span><\/span><\/span><br \/>\n<\/label>\n<\/p>\n<p><input class=\"wpcf7-form-control wpcf7-submit has-spinner\" type=\"submit\" value=\"Senden\" \/>\n<\/p>\n<p><span id=\"wpcf7-69d8e61c6489a-wrapper\" class=\"wpcf7-form-control-wrap email-wrap\" style=\"display:none !important; visibility:hidden !important;\"><label for=\"wpcf7-69d8e61c6489a-field\" class=\"hp-message\">Bitte lasse dieses Feld leer.<\/label><input id=\"wpcf7-69d8e61c6489a-field\"  class=\"wpcf7-form-control wpcf7-text\" type=\"text\" name=\"email\" value=\"\" size=\"40\" tabindex=\"-1\" autocomplete=\"new-password\" \/><\/span>\n<\/p><div class=\"wpcf7-response-output\" aria-hidden=\"true\"><\/div>\n<\/form>\n<\/div>\n<\/div>\n","protected":false},"excerpt":{"rendered":"<p>CALL TO ACTION Welche sozialen Problemlagen ben\u00f6tigen Ihrer Meinung nach strukturelle L\u00f6sungsans\u00e4tze? Die Rearrange gGmbH bildet im Bereich Public Entrepreneurship eine Plattform f\u00fcr innovative, kreative und unternehmerische L\u00f6sungen, die zum sozialen Wandel beitragen.&nbsp; Daf\u00fcr suchen wir Vision\u00e4r:innen aus der Sozialen Arbeit, Wissenschaft, der Politik, der Verwaltung, der \u00d6ffentlichkeit, der Interessenvertretung und der freien Wirtschaft, die [&hellip;]<\/p>\n","protected":false},"author":3,"featured_media":0,"parent":0,"menu_order":0,"comment_status":"closed","ping_status":"closed","template":"","meta":{"footnotes":""},"class_list":["post-84","page","type-page","status-publish","hentry"],"blocksy_meta":{"page_structure_type":"type-3"},"yoast_head":"<!-- This site is optimized with the Yoast SEO plugin v27.3 - https:\/\/yoast.com\/product\/yoast-seo-wordpress\/ -->\n<title>CALL TO ACTION | Rearrange gGmbH<\/title>\n<meta name=\"description\" content=\"Machen Sie mit bei Rearrange und werden Sie Teil der Ver\u00e4nderung. Wir suchen immer nach Vision\u00e4r:innen mit dem n\u00f6tigen Mut.\" \/>\n<meta name=\"robots\" content=\"index, follow, max-snippet:-1, max-image-preview:large, max-video-preview:-1\" \/>\n<link rel=\"canonical\" href=\"https:\/\/re-arrange.de\/deutsch\/call-to-action\/\" \/>\n<meta property=\"og:locale\" content=\"de_DE\" \/>\n<meta property=\"og:type\" content=\"article\" \/>\n<meta property=\"og:title\" content=\"CALL TO ACTION | Rearrange gGmbH\" \/>\n<meta property=\"og:description\" content=\"Machen Sie mit bei Rearrange und werden Sie Teil der Ver\u00e4nderung. Wir suchen immer nach Vision\u00e4r:innen mit dem n\u00f6tigen Mut.\" \/>\n<meta property=\"og:url\" content=\"https:\/\/re-arrange.de\/deutsch\/call-to-action\/\" \/>\n<meta property=\"og:site_name\" content=\"Rearrange gGmbH\" \/>\n<meta property=\"article:modified_time\" content=\"2024-06-26T21:38:55+00:00\" \/>\n<meta name=\"twitter:card\" content=\"summary_large_image\" \/>\n<meta name=\"twitter:label1\" content=\"Gesch\u00e4tzte Lesezeit\" \/>\n\t<meta name=\"twitter:data1\" content=\"1\u00a0Minute\" \/>\n<script type=\"application\/ld+json\" class=\"yoast-schema-graph\">{\"@context\":\"https:\\\/\\\/schema.org\",\"@graph\":[{\"@type\":\"WebPage\",\"@id\":\"https:\\\/\\\/re-arrange.de\\\/call-to-action\\\/\",\"url\":\"https:\\\/\\\/re-arrange.de\\\/call-to-action\\\/\",\"name\":\"CALL TO ACTION | Rearrange gGmbH\",\"isPartOf\":{\"@id\":\"https:\\\/\\\/re-arrange.de\\\/#website\"},\"datePublished\":\"2023-08-01T13:05:51+00:00\",\"dateModified\":\"2024-06-26T21:38:55+00:00\",\"description\":\"Machen Sie mit bei Rearrange und werden Sie Teil der Ver\u00e4nderung. Wir suchen immer nach Vision\u00e4r:innen mit dem n\u00f6tigen Mut.\",\"breadcrumb\":{\"@id\":\"https:\\\/\\\/re-arrange.de\\\/call-to-action\\\/#breadcrumb\"},\"inLanguage\":\"de\",\"potentialAction\":[{\"@type\":\"ReadAction\",\"target\":[\"https:\\\/\\\/re-arrange.de\\\/call-to-action\\\/\"]}]},{\"@type\":\"BreadcrumbList\",\"@id\":\"https:\\\/\\\/re-arrange.de\\\/call-to-action\\\/#breadcrumb\",\"itemListElement\":[{\"@type\":\"ListItem\",\"position\":1,\"name\":\"Startseite\",\"item\":\"https:\\\/\\\/re-arrange.de\\\/\"},{\"@type\":\"ListItem\",\"position\":2,\"name\":\"Call to Action\"}]},{\"@type\":\"WebSite\",\"@id\":\"https:\\\/\\\/re-arrange.de\\\/#website\",\"url\":\"https:\\\/\\\/re-arrange.de\\\/\",\"name\":\"Rearrange gGmbH\",\"description\":\"Wir l\u00f6sen soziale Probleme\",\"publisher\":{\"@id\":\"https:\\\/\\\/re-arrange.de\\\/#organization\"},\"alternateName\":\"Rearrange\",\"potentialAction\":[{\"@type\":\"SearchAction\",\"target\":{\"@type\":\"EntryPoint\",\"urlTemplate\":\"https:\\\/\\\/re-arrange.de\\\/?s={search_term_string}\"},\"query-input\":{\"@type\":\"PropertyValueSpecification\",\"valueRequired\":true,\"valueName\":\"search_term_string\"}}],\"inLanguage\":\"de\"},{\"@type\":\"Organization\",\"@id\":\"https:\\\/\\\/re-arrange.de\\\/#organization\",\"name\":\"Rearrange gGmbH\",\"alternateName\":\"Rearrage\",\"url\":\"https:\\\/\\\/re-arrange.de\\\/\",\"logo\":{\"@type\":\"ImageObject\",\"inLanguage\":\"de\",\"@id\":\"https:\\\/\\\/re-arrange.de\\\/#\\\/schema\\\/logo\\\/image\\\/\",\"url\":\"https:\\\/\\\/re-arrange.de\\\/wp-content\\\/uploads\\\/2023\\\/07\\\/REA-Logo-final-500px.png\",\"contentUrl\":\"https:\\\/\\\/re-arrange.de\\\/wp-content\\\/uploads\\\/2023\\\/07\\\/REA-Logo-final-500px.png\",\"width\":500,\"height\":205,\"caption\":\"Rearrange gGmbH\"},\"image\":{\"@id\":\"https:\\\/\\\/re-arrange.de\\\/#\\\/schema\\\/logo\\\/image\\\/\"},\"sameAs\":[\"https:\\\/\\\/www.linkedin.com\\\/company\\\/rearrange-ggmbh\\\/about\\\/\"]}]}<\/script>\n<!-- \/ Yoast SEO plugin. -->","yoast_head_json":{"title":"CALL TO ACTION | Rearrange gGmbH","description":"Machen Sie mit bei Rearrange und werden Sie Teil der Ver\u00e4nderung. Wir suchen immer nach Vision\u00e4r:innen mit dem n\u00f6tigen Mut.","robots":{"index":"index","follow":"follow","max-snippet":"max-snippet:-1","max-image-preview":"max-image-preview:large","max-video-preview":"max-video-preview:-1"},"canonical":"https:\/\/re-arrange.de\/deutsch\/call-to-action\/","og_locale":"de_DE","og_type":"article","og_title":"CALL TO ACTION | Rearrange gGmbH","og_description":"Machen Sie mit bei Rearrange und werden Sie Teil der Ver\u00e4nderung. Wir suchen immer nach Vision\u00e4r:innen mit dem n\u00f6tigen Mut.","og_url":"https:\/\/re-arrange.de\/deutsch\/call-to-action\/","og_site_name":"Rearrange gGmbH","article_modified_time":"2024-06-26T21:38:55+00:00","twitter_card":"summary_large_image","twitter_misc":{"Gesch\u00e4tzte Lesezeit":"1\u00a0Minute"},"schema":{"@context":"https:\/\/schema.org","@graph":[{"@type":"WebPage","@id":"https:\/\/re-arrange.de\/call-to-action\/","url":"https:\/\/re-arrange.de\/call-to-action\/","name":"CALL TO ACTION | Rearrange gGmbH","isPartOf":{"@id":"https:\/\/re-arrange.de\/#website"},"datePublished":"2023-08-01T13:05:51+00:00","dateModified":"2024-06-26T21:38:55+00:00","description":"Machen Sie mit bei Rearrange und werden Sie Teil der Ver\u00e4nderung. Wir suchen immer nach Vision\u00e4r:innen mit dem n\u00f6tigen Mut.","breadcrumb":{"@id":"https:\/\/re-arrange.de\/call-to-action\/#breadcrumb"},"inLanguage":"de","potentialAction":[{"@type":"ReadAction","target":["https:\/\/re-arrange.de\/call-to-action\/"]}]},{"@type":"BreadcrumbList","@id":"https:\/\/re-arrange.de\/call-to-action\/#breadcrumb","itemListElement":[{"@type":"ListItem","position":1,"name":"Startseite","item":"https:\/\/re-arrange.de\/"},{"@type":"ListItem","position":2,"name":"Call to Action"}]},{"@type":"WebSite","@id":"https:\/\/re-arrange.de\/#website","url":"https:\/\/re-arrange.de\/","name":"Rearrange gGmbH","description":"Wir l\u00f6sen soziale Probleme","publisher":{"@id":"https:\/\/re-arrange.de\/#organization"},"alternateName":"Rearrange","potentialAction":[{"@type":"SearchAction","target":{"@type":"EntryPoint","urlTemplate":"https:\/\/re-arrange.de\/?s={search_term_string}"},"query-input":{"@type":"PropertyValueSpecification","valueRequired":true,"valueName":"search_term_string"}}],"inLanguage":"de"},{"@type":"Organization","@id":"https:\/\/re-arrange.de\/#organization","name":"Rearrange gGmbH","alternateName":"Rearrage","url":"https:\/\/re-arrange.de\/","logo":{"@type":"ImageObject","inLanguage":"de","@id":"https:\/\/re-arrange.de\/#\/schema\/logo\/image\/","url":"https:\/\/re-arrange.de\/wp-content\/uploads\/2023\/07\/REA-Logo-final-500px.png","contentUrl":"https:\/\/re-arrange.de\/wp-content\/uploads\/2023\/07\/REA-Logo-final-500px.png","width":500,"height":205,"caption":"Rearrange gGmbH"},"image":{"@id":"https:\/\/re-arrange.de\/#\/schema\/logo\/image\/"},"sameAs":["https:\/\/www.linkedin.com\/company\/rearrange-ggmbh\/about\/"]}]}},"_links":{"self":[{"href":"https:\/\/re-arrange.de\/deutsch\/wp-json\/wp\/v2\/pages\/84","targetHints":{"allow":["GET"]}}],"collection":[{"href":"https:\/\/re-arrange.de\/deutsch\/wp-json\/wp\/v2\/pages"}],"about":[{"href":"https:\/\/re-arrange.de\/deutsch\/wp-json\/wp\/v2\/types\/page"}],"author":[{"embeddable":true,"href":"https:\/\/re-arrange.de\/deutsch\/wp-json\/wp\/v2\/users\/3"}],"replies":[{"embeddable":true,"href":"https:\/\/re-arrange.de\/deutsch\/wp-json\/wp\/v2\/comments?post=84"}],"version-history":[{"count":10,"href":"https:\/\/re-arrange.de\/deutsch\/wp-json\/wp\/v2\/pages\/84\/revisions"}],"predecessor-version":[{"id":899,"href":"https:\/\/re-arrange.de\/deutsch\/wp-json\/wp\/v2\/pages\/84\/revisions\/899"}],"wp:attachment":[{"href":"https:\/\/re-arrange.de\/deutsch\/wp-json\/wp\/v2\/media?parent=84"}],"curies":[{"name":"wp","href":"https:\/\/api.w.org\/{rel}","templated":true}]}}