{"id":36,"date":"2023-07-27T16:52:39","date_gmt":"2023-07-27T14:52:39","guid":{"rendered":"https:\/\/re-arrange.de\/?page_id=36"},"modified":"2023-10-13T08:40:14","modified_gmt":"2023-10-13T06:40:14","slug":"home","status":"publish","type":"page","link":"https:\/\/re-arrange.de\/deutsch\/","title":{"rendered":"HOME"},"content":{"rendered":"\n<div class=\"wp-block-columns is-layout-flex wp-container-core-columns-is-layout-28f84493 wp-block-columns-is-layout-flex\">\n<div class=\"wp-block-column is-layout-flow wp-block-column-is-layout-flow\" style=\"flex-basis:15%\"><\/div>\n\n\n\n<div class=\"wp-block-column is-layout-flow wp-block-column-is-layout-flow\" style=\"flex-basis:70%\">\n<div class=\"wp-block-columns is-layout-flex wp-container-core-columns-is-layout-28f84493 wp-block-columns-is-layout-flex\">\n<div class=\"wp-block-column is-layout-flow wp-block-column-is-layout-flow\" style=\"flex-basis:33.33%\">\n<figure class=\"wp-block-image size-full logo\"><img fetchpriority=\"high\" decoding=\"async\" width=\"1000\" height=\"1000\" src=\"https:\/\/re-arrange.de\/wp-content\/uploads\/2023\/08\/Logoanimation_rotierend_Icon_1000x1000.gif\" alt=\"Logo Rearrange GIF Home \/ Animation: Peter Wilfing \/ Gestaltung: Felix Seyfert\" class=\"wp-image-593\" style=\"object-fit:cover\"\/><\/figure>\n<\/div>\n\n\n\n<div class=\"wp-block-column is-layout-flow wp-block-column-is-layout-flow\" style=\"flex-basis:66.66%\">\n<figure class=\"wp-block-image size-full teaser\"><img decoding=\"async\" width=\"2208\" height=\"1250\" src=\"https:\/\/re-arrange.de\/wp-content\/uploads\/2023\/08\/Header_final_1.3.png\" alt=\"Wir l\u00f6sen Soziale Probleme \/ Innovativ &amp; Strukturell\" class=\"wp-image-482\" srcset=\"https:\/\/re-arrange.de\/wp-content\/uploads\/2023\/08\/Header_final_1.3.png 2208w, https:\/\/re-arrange.de\/wp-content\/uploads\/2023\/08\/Header_final_1.3-300x170.png 300w, https:\/\/re-arrange.de\/wp-content\/uploads\/2023\/08\/Header_final_1.3-1024x580.png 1024w, https:\/\/re-arrange.de\/wp-content\/uploads\/2023\/08\/Header_final_1.3-768x435.png 768w, https:\/\/re-arrange.de\/wp-content\/uploads\/2023\/08\/Header_final_1.3-1536x870.png 1536w, https:\/\/re-arrange.de\/wp-content\/uploads\/2023\/08\/Header_final_1.3-2048x1159.png 2048w, https:\/\/re-arrange.de\/wp-content\/uploads\/2023\/08\/Header_final_1.3-18x10.png 18w\" sizes=\"(max-width: 2208px) 100vw, 2208px\" \/><\/figure>\n<\/div>\n<\/div>\n<\/div>\n\n\n\n<div class=\"wp-block-column is-layout-flow wp-block-column-is-layout-flow\" style=\"flex-basis:15%\"><\/div>\n<\/div>\n\n\n\n<div style=\"height:126px\" aria-hidden=\"true\" class=\"wp-block-spacer start\"><\/div>\n\n\n\n<div class=\"wp-block-columns is-layout-flex wp-container-core-columns-is-layout-28f84493 wp-block-columns-is-layout-flex\">\n<div class=\"wp-block-column is-layout-flow wp-block-column-is-layout-flow\">\n<figure class=\"wp-block-image aligncenter size-full blob\"><img decoding=\"async\" width=\"1083\" height=\"1063\" src=\"https:\/\/re-arrange.de\/wp-content\/uploads\/2023\/08\/Infografik_SOZIALE.png\" alt=\"\" class=\"wp-image-585\" style=\"object-fit:cover\" srcset=\"https:\/\/re-arrange.de\/wp-content\/uploads\/2023\/08\/Infografik_SOZIALE.png 1083w, https:\/\/re-arrange.de\/wp-content\/uploads\/2023\/08\/Infografik_SOZIALE-300x294.png 300w, https:\/\/re-arrange.de\/wp-content\/uploads\/2023\/08\/Infografik_SOZIALE-1024x1005.png 1024w, https:\/\/re-arrange.de\/wp-content\/uploads\/2023\/08\/Infografik_SOZIALE-768x754.png 768w, https:\/\/re-arrange.de\/wp-content\/uploads\/2023\/08\/Infografik_SOZIALE-12x12.png 12w\" sizes=\"(max-width: 1083px) 100vw, 1083px\" \/><\/figure>\n<\/div>\n\n\n\n<div class=\"wp-block-column is-vertically-aligned-bottom is-layout-flow wp-block-column-is-layout-flow\">\n<p class=\"has-medium-font-size\"><strong>Rearrange greift durch die Soziale Arbeit aktuelle gesellschaftliche Problemlagen auf<\/strong> <\/p>\n\n\n\n<p>W\u00e4hrend sich die Praxis der Sozialen Arbeit mit den Auswirkungen und Symptomen von Marginalisierung besch\u00e4ftigt, analysiert <a href=\"https:\/\/www.linkedin.com\/company\/rearrange-ggmbh\/\" target=\"_blank\" rel=\"noreferrer noopener\">Rearrange<\/a> die Funktionalit\u00e4t des dahinter liegenden (Hilfe-) Systems und zieht R\u00fcckschl\u00fcsse auf strukturelle Ursachen.<\/p>\n\n\n\n<div class=\"wp-block-buttons is-content-justification-center is-layout-flex wp-container-core-buttons-is-layout-a89b3969 wp-block-buttons-is-layout-flex\">\n<div class=\"wp-block-button\"><a class=\"wp-block-button__link wp-element-button\" href=\"https:\/\/re-arrange.de\/de_de\/ansatz\/\" target=\"_blank\" rel=\"noreferrer noopener\">Mehr zum Ansatz<\/a><\/div>\n<\/div>\n<\/div>\n<\/div>\n\n\n\n<div style=\"height:100px\" aria-hidden=\"true\" class=\"wp-block-spacer start\"><\/div>\n\n\n\n<div class=\"wp-block-columns order1 is-layout-flex wp-container-core-columns-is-layout-28f84493 wp-block-columns-is-layout-flex\">\n<div class=\"wp-block-column is-vertically-aligned-center order2 is-layout-flow wp-block-column-is-layout-flow\">\n<p class=\"has-medium-font-size\"><strong>Rearrange bildet eine Schnittstelle zwischen Sozialer Arbeit, Verwaltung und Politik<\/strong> <\/p>\n\n\n\n<p>Gesetze und Strukturen werden so ausgerichtet, dass sie dem gegenw\u00e4rtigen Hilfebedarf der Menschen entsprechen und Marginalisierung  nachhaltig entkr\u00e4ftet wird. Komplexen gesellschaftlichen Herausforderungen wird fr\u00fchzeitig Sichtbarkeit verliehen, bevor sie einen (zu) hohen sozialstaatlichen Einsatz erfordern.<\/p>\n\n\n\n<div class=\"wp-block-buttons is-content-justification-center is-layout-flex wp-container-core-buttons-is-layout-a89b3969 wp-block-buttons-is-layout-flex\">\n<div class=\"wp-block-button\"><a class=\"wp-block-button__link wp-element-button\" href=\"https:\/\/re-arrange.de\/deutsch\/category\/interessenvertretung\/\" target=\"_blank\" rel=\"noreferrer noopener\">Mehr zu Interessenvertretung<\/a><\/div>\n<\/div>\n<\/div>\n\n\n\n<div class=\"wp-block-column is-vertically-aligned-top is-layout-flow wp-block-column-is-layout-flow\">\n<figure class=\"wp-block-image aligncenter size-full blob\"><img loading=\"lazy\" decoding=\"async\" width=\"1083\" height=\"1063\" src=\"https:\/\/re-arrange.de\/wp-content\/uploads\/2023\/08\/Infografik_INTERESSEN.png\" alt=\"\" class=\"wp-image-581\" style=\"object-fit:cover\" srcset=\"https:\/\/re-arrange.de\/wp-content\/uploads\/2023\/08\/Infografik_INTERESSEN.png 1083w, https:\/\/re-arrange.de\/wp-content\/uploads\/2023\/08\/Infografik_INTERESSEN-300x294.png 300w, https:\/\/re-arrange.de\/wp-content\/uploads\/2023\/08\/Infografik_INTERESSEN-1024x1005.png 1024w, https:\/\/re-arrange.de\/wp-content\/uploads\/2023\/08\/Infografik_INTERESSEN-768x754.png 768w, https:\/\/re-arrange.de\/wp-content\/uploads\/2023\/08\/Infografik_INTERESSEN-12x12.png 12w\" sizes=\"(max-width: 1083px) 100vw, 1083px\" \/><\/figure>\n<\/div>\n<\/div>\n\n\n\n<div style=\"height:100px\" aria-hidden=\"true\" class=\"wp-block-spacer start\"><\/div>\n\n\n\n<div class=\"wp-block-columns is-layout-flex wp-container-core-columns-is-layout-28f84493 wp-block-columns-is-layout-flex\">\n<div class=\"wp-block-column is-layout-flow wp-block-column-is-layout-flow\">\n<figure class=\"wp-block-image aligncenter size-full blob\"><img loading=\"lazy\" decoding=\"async\" width=\"1083\" height=\"1063\" src=\"https:\/\/re-arrange.de\/wp-content\/uploads\/2023\/08\/Infografik_PROJEKT.png\" alt=\"\" class=\"wp-image-583\" style=\"object-fit:cover\" srcset=\"https:\/\/re-arrange.de\/wp-content\/uploads\/2023\/08\/Infografik_PROJEKT.png 1083w, https:\/\/re-arrange.de\/wp-content\/uploads\/2023\/08\/Infografik_PROJEKT-300x294.png 300w, https:\/\/re-arrange.de\/wp-content\/uploads\/2023\/08\/Infografik_PROJEKT-1024x1005.png 1024w, https:\/\/re-arrange.de\/wp-content\/uploads\/2023\/08\/Infografik_PROJEKT-768x754.png 768w, https:\/\/re-arrange.de\/wp-content\/uploads\/2023\/08\/Infografik_PROJEKT-12x12.png 12w\" sizes=\"(max-width: 1083px) 100vw, 1083px\" \/><\/figure>\n<\/div>\n\n\n\n<div class=\"wp-block-column is-vertically-aligned-center is-layout-flow wp-block-column-is-layout-flow\">\n<p class=\"has-medium-font-size\"><strong>Rearrange betreibt Projektentwicklung, um die Grund- und Menschenrechte marginalisierter Personengruppen zu sch\u00fctzen<\/strong><\/p>\n\n\n\n<p>Die reaktive Expertise der Sozialen Arbeit im Umgang mit Marginalisierung wird genutzt, um pr\u00e4ventive Strukturen zu entwickeln. Durch Forschung und Design Thinking werden Handlungsspielr\u00e4ume eruiert, die sowohl den Systemerhalt, als auch die Teilhabem\u00f6glichkeiten der Betroffenen gew\u00e4hrleisten.<\/p>\n\n\n\n<div class=\"wp-block-buttons is-content-justification-center is-layout-flex wp-container-core-buttons-is-layout-a89b3969 wp-block-buttons-is-layout-flex\">\n<div class=\"wp-block-button\"><a class=\"wp-block-button__link wp-element-button\" href=\"https:\/\/re-arrange.de\/deutsch\/category\/projektentwicklung\/\" target=\"_blank\" rel=\"noreferrer noopener\">Mehr zu Projektentwicklung<\/a><\/div>\n<\/div>\n<\/div>\n<\/div>\n\n\n\n<div style=\"height:100px\" aria-hidden=\"true\" class=\"wp-block-spacer\"><\/div>\n","protected":false},"excerpt":{"rendered":"<p>Rearrange greift durch die Soziale Arbeit aktuelle gesellschaftliche Problemlagen auf W\u00e4hrend sich die Praxis der Sozialen Arbeit mit den Auswirkungen und Symptomen von Marginalisierung besch\u00e4ftigt, analysiert Rearrange die Funktionalit\u00e4t des dahinter liegenden (Hilfe-) Systems und zieht R\u00fcckschl\u00fcsse auf strukturelle Ursachen. Rearrange bildet eine Schnittstelle zwischen Sozialer Arbeit, Verwaltung und Politik Gesetze und Strukturen werden so [&hellip;]<\/p>\n","protected":false},"author":3,"featured_media":0,"parent":0,"menu_order":0,"comment_status":"closed","ping_status":"closed","template":"","meta":{"footnotes":""},"class_list":["post-36","page","type-page","status-publish","hentry"],"blocksy_meta":{"page_structure_type":"type-4"},"yoast_head":"<!-- This site is optimized with the Yoast SEO plugin v27.3 - https:\/\/yoast.com\/product\/yoast-seo-wordpress\/ -->\n<title>Rearrange gGmbH - Wir l\u00f6sen soziale Probleme<\/title>\n<meta name=\"description\" content=\"Erfahren Sie mehr \u00fcber die Arbeit und Ansatz der Rearrange gGmbH. Wir l\u00f6sen soziale Probleme - innovativ &amp; strukturell!\" \/>\n<meta name=\"robots\" content=\"index, follow, max-snippet:-1, max-image-preview:large, max-video-preview:-1\" \/>\n<link rel=\"canonical\" href=\"https:\/\/re-arrange.de\/deutsch\/\" \/>\n<meta property=\"og:locale\" content=\"de_DE\" \/>\n<meta property=\"og:type\" content=\"article\" \/>\n<meta property=\"og:title\" content=\"Rearrange gGmbH - Wir l\u00f6sen soziale Probleme\" \/>\n<meta property=\"og:description\" content=\"Erfahren Sie mehr \u00fcber die Arbeit und Ansatz der Rearrange gGmbH. Wir l\u00f6sen soziale Probleme - innovativ &amp; strukturell!\" \/>\n<meta property=\"og:url\" content=\"https:\/\/re-arrange.de\/deutsch\/\" \/>\n<meta property=\"og:site_name\" content=\"Rearrange gGmbH\" \/>\n<meta property=\"article:modified_time\" content=\"2023-10-13T06:40:14+00:00\" \/>\n<meta property=\"og:image\" content=\"https:\/\/re-arrange.de\/wp-content\/uploads\/2023\/08\/Logoanimation_rotierend_Icon_1000x1000.gif\" \/>\n<meta name=\"twitter:card\" content=\"summary_large_image\" \/>\n<meta name=\"twitter:label1\" content=\"Gesch\u00e4tzte Lesezeit\" \/>\n\t<meta name=\"twitter:data1\" content=\"2\u00a0Minuten\" \/>\n<script type=\"application\/ld+json\" class=\"yoast-schema-graph\">{\"@context\":\"https:\\\/\\\/schema.org\",\"@graph\":[{\"@type\":\"WebPage\",\"@id\":\"https:\\\/\\\/re-arrange.de\\\/\",\"url\":\"https:\\\/\\\/re-arrange.de\\\/deutsch\\\/\",\"name\":\"Rearrange gGmbH - Wir l\u00f6sen soziale Probleme\",\"isPartOf\":{\"@id\":\"https:\\\/\\\/re-arrange.de\\\/#website\"},\"primaryImageOfPage\":{\"@id\":\"https:\\\/\\\/re-arrange.de\\\/deutsch\\\/#primaryimage\"},\"image\":{\"@id\":\"https:\\\/\\\/re-arrange.de\\\/deutsch\\\/#primaryimage\"},\"thumbnailUrl\":\"https:\\\/\\\/re-arrange.de\\\/wp-content\\\/uploads\\\/2023\\\/08\\\/Logoanimation_rotierend_Icon_1000x1000.gif\",\"datePublished\":\"2023-07-27T14:52:39+00:00\",\"dateModified\":\"2023-10-13T06:40:14+00:00\",\"description\":\"Erfahren Sie mehr \u00fcber die Arbeit und Ansatz der Rearrange gGmbH. Wir l\u00f6sen soziale Probleme - innovativ & strukturell!\",\"breadcrumb\":{\"@id\":\"https:\\\/\\\/re-arrange.de\\\/deutsch\\\/#breadcrumb\"},\"inLanguage\":\"de\",\"potentialAction\":[{\"@type\":\"ReadAction\",\"target\":[\"https:\\\/\\\/re-arrange.de\\\/deutsch\\\/\"]}]},{\"@type\":\"ImageObject\",\"inLanguage\":\"de\",\"@id\":\"https:\\\/\\\/re-arrange.de\\\/deutsch\\\/#primaryimage\",\"url\":\"https:\\\/\\\/re-arrange.de\\\/wp-content\\\/uploads\\\/2023\\\/08\\\/Logoanimation_rotierend_Icon_1000x1000.gif\",\"contentUrl\":\"https:\\\/\\\/re-arrange.de\\\/wp-content\\\/uploads\\\/2023\\\/08\\\/Logoanimation_rotierend_Icon_1000x1000.gif\"},{\"@type\":\"BreadcrumbList\",\"@id\":\"https:\\\/\\\/re-arrange.de\\\/deutsch\\\/#breadcrumb\",\"itemListElement\":[{\"@type\":\"ListItem\",\"position\":1,\"name\":\"Startseite\",\"item\":\"https:\\\/\\\/re-arrange.de\\\/\"},{\"@type\":\"ListItem\",\"position\":2,\"name\":\"home\"}]},{\"@type\":\"WebSite\",\"@id\":\"https:\\\/\\\/re-arrange.de\\\/#website\",\"url\":\"https:\\\/\\\/re-arrange.de\\\/\",\"name\":\"Rearrange gGmbH\",\"description\":\"Wir l\u00f6sen soziale Probleme\",\"publisher\":{\"@id\":\"https:\\\/\\\/re-arrange.de\\\/#organization\"},\"alternateName\":\"Rearrange\",\"potentialAction\":[{\"@type\":\"SearchAction\",\"target\":{\"@type\":\"EntryPoint\",\"urlTemplate\":\"https:\\\/\\\/re-arrange.de\\\/?s={search_term_string}\"},\"query-input\":{\"@type\":\"PropertyValueSpecification\",\"valueRequired\":true,\"valueName\":\"search_term_string\"}}],\"inLanguage\":\"de\"},{\"@type\":\"Organization\",\"@id\":\"https:\\\/\\\/re-arrange.de\\\/#organization\",\"name\":\"Rearrange gGmbH\",\"alternateName\":\"Rearrage\",\"url\":\"https:\\\/\\\/re-arrange.de\\\/\",\"logo\":{\"@type\":\"ImageObject\",\"inLanguage\":\"de\",\"@id\":\"https:\\\/\\\/re-arrange.de\\\/#\\\/schema\\\/logo\\\/image\\\/\",\"url\":\"https:\\\/\\\/re-arrange.de\\\/wp-content\\\/uploads\\\/2023\\\/07\\\/REA-Logo-final-500px.png\",\"contentUrl\":\"https:\\\/\\\/re-arrange.de\\\/wp-content\\\/uploads\\\/2023\\\/07\\\/REA-Logo-final-500px.png\",\"width\":500,\"height\":205,\"caption\":\"Rearrange gGmbH\"},\"image\":{\"@id\":\"https:\\\/\\\/re-arrange.de\\\/#\\\/schema\\\/logo\\\/image\\\/\"},\"sameAs\":[\"https:\\\/\\\/www.linkedin.com\\\/company\\\/rearrange-ggmbh\\\/about\\\/\"]}]}<\/script>\n<!-- \/ Yoast SEO plugin. -->","yoast_head_json":{"title":"Rearrange gGmbH - Wir l\u00f6sen soziale Probleme","description":"Erfahren Sie mehr \u00fcber die Arbeit und Ansatz der Rearrange gGmbH. Wir l\u00f6sen soziale Probleme - innovativ & strukturell!","robots":{"index":"index","follow":"follow","max-snippet":"max-snippet:-1","max-image-preview":"max-image-preview:large","max-video-preview":"max-video-preview:-1"},"canonical":"https:\/\/re-arrange.de\/deutsch\/","og_locale":"de_DE","og_type":"article","og_title":"Rearrange gGmbH - Wir l\u00f6sen soziale Probleme","og_description":"Erfahren Sie mehr \u00fcber die Arbeit und Ansatz der Rearrange gGmbH. Wir l\u00f6sen soziale Probleme - innovativ & strukturell!","og_url":"https:\/\/re-arrange.de\/deutsch\/","og_site_name":"Rearrange gGmbH","article_modified_time":"2023-10-13T06:40:14+00:00","og_image":[{"url":"https:\/\/re-arrange.de\/wp-content\/uploads\/2023\/08\/Logoanimation_rotierend_Icon_1000x1000.gif","type":"","width":"","height":""}],"twitter_card":"summary_large_image","twitter_misc":{"Gesch\u00e4tzte Lesezeit":"2\u00a0Minuten"},"schema":{"@context":"https:\/\/schema.org","@graph":[{"@type":"WebPage","@id":"https:\/\/re-arrange.de\/","url":"https:\/\/re-arrange.de\/deutsch\/","name":"Rearrange gGmbH - Wir l\u00f6sen soziale Probleme","isPartOf":{"@id":"https:\/\/re-arrange.de\/#website"},"primaryImageOfPage":{"@id":"https:\/\/re-arrange.de\/deutsch\/#primaryimage"},"image":{"@id":"https:\/\/re-arrange.de\/deutsch\/#primaryimage"},"thumbnailUrl":"https:\/\/re-arrange.de\/wp-content\/uploads\/2023\/08\/Logoanimation_rotierend_Icon_1000x1000.gif","datePublished":"2023-07-27T14:52:39+00:00","dateModified":"2023-10-13T06:40:14+00:00","description":"Erfahren Sie mehr \u00fcber die Arbeit und Ansatz der Rearrange gGmbH. Wir l\u00f6sen soziale Probleme - innovativ & strukturell!","breadcrumb":{"@id":"https:\/\/re-arrange.de\/deutsch\/#breadcrumb"},"inLanguage":"de","potentialAction":[{"@type":"ReadAction","target":["https:\/\/re-arrange.de\/deutsch\/"]}]},{"@type":"ImageObject","inLanguage":"de","@id":"https:\/\/re-arrange.de\/deutsch\/#primaryimage","url":"https:\/\/re-arrange.de\/wp-content\/uploads\/2023\/08\/Logoanimation_rotierend_Icon_1000x1000.gif","contentUrl":"https:\/\/re-arrange.de\/wp-content\/uploads\/2023\/08\/Logoanimation_rotierend_Icon_1000x1000.gif"},{"@type":"BreadcrumbList","@id":"https:\/\/re-arrange.de\/deutsch\/#breadcrumb","itemListElement":[{"@type":"ListItem","position":1,"name":"Startseite","item":"https:\/\/re-arrange.de\/"},{"@type":"ListItem","position":2,"name":"home"}]},{"@type":"WebSite","@id":"https:\/\/re-arrange.de\/#website","url":"https:\/\/re-arrange.de\/","name":"Rearrange gGmbH","description":"Wir l\u00f6sen soziale Probleme","publisher":{"@id":"https:\/\/re-arrange.de\/#organization"},"alternateName":"Rearrange","potentialAction":[{"@type":"SearchAction","target":{"@type":"EntryPoint","urlTemplate":"https:\/\/re-arrange.de\/?s={search_term_string}"},"query-input":{"@type":"PropertyValueSpecification","valueRequired":true,"valueName":"search_term_string"}}],"inLanguage":"de"},{"@type":"Organization","@id":"https:\/\/re-arrange.de\/#organization","name":"Rearrange gGmbH","alternateName":"Rearrage","url":"https:\/\/re-arrange.de\/","logo":{"@type":"ImageObject","inLanguage":"de","@id":"https:\/\/re-arrange.de\/#\/schema\/logo\/image\/","url":"https:\/\/re-arrange.de\/wp-content\/uploads\/2023\/07\/REA-Logo-final-500px.png","contentUrl":"https:\/\/re-arrange.de\/wp-content\/uploads\/2023\/07\/REA-Logo-final-500px.png","width":500,"height":205,"caption":"Rearrange gGmbH"},"image":{"@id":"https:\/\/re-arrange.de\/#\/schema\/logo\/image\/"},"sameAs":["https:\/\/www.linkedin.com\/company\/rearrange-ggmbh\/about\/"]}]}},"_links":{"self":[{"href":"https:\/\/re-arrange.de\/deutsch\/wp-json\/wp\/v2\/pages\/36","targetHints":{"allow":["GET"]}}],"collection":[{"href":"https:\/\/re-arrange.de\/deutsch\/wp-json\/wp\/v2\/pages"}],"about":[{"href":"https:\/\/re-arrange.de\/deutsch\/wp-json\/wp\/v2\/types\/page"}],"author":[{"embeddable":true,"href":"https:\/\/re-arrange.de\/deutsch\/wp-json\/wp\/v2\/users\/3"}],"replies":[{"embeddable":true,"href":"https:\/\/re-arrange.de\/deutsch\/wp-json\/wp\/v2\/comments?post=36"}],"version-history":[{"count":9,"href":"https:\/\/re-arrange.de\/deutsch\/wp-json\/wp\/v2\/pages\/36\/revisions"}],"predecessor-version":[{"id":878,"href":"https:\/\/re-arrange.de\/deutsch\/wp-json\/wp\/v2\/pages\/36\/revisions\/878"}],"wp:attachment":[{"href":"https:\/\/re-arrange.de\/deutsch\/wp-json\/wp\/v2\/media?parent=36"}],"curies":[{"name":"wp","href":"https:\/\/api.w.org\/{rel}","templated":true}]}}